{"id":839,"date":"2014-10-14T10:59:47","date_gmt":"2014-10-14T09:59:47","guid":{"rendered":"http:\/\/www.unimed.com.tn\/?page_id=839"},"modified":"2021-04-10T15:11:00","modified_gmt":"2021-04-10T14:11:00","slug":"dates","status":"publish","type":"page","link":"https:\/\/www.unimed.com.tn\/dates\/","title":{"rendered":"Dates"},"content":{"rendered":"\n\t\t\t<!-- START Dates REVOLUTION SLIDER 6.3.9 --><p class=\"rs-p-wp-fix\"><\/p>\n\t\t\t<rs-module-wrap id=\"rev_slider_12_1_wrapper\" data-source=\"gallery\" style=\"background:#ffffff;padding:0;margin:0px auto;margin-top:0;margin-bottom:0;\">\n\t\t\t\t<rs-module id=\"rev_slider_12_1\" style=\"\" data-version=\"6.3.9\">\n\t\t\t\t\t<rs-slides>\n\t\t\t\t\t\t<rs-slide data-key=\"rs-42\" data-title=\"Slide\" data-anim=\"ei:d;eo:d;s:1000;r:0;t:fade;sl:0;\">\n\t\t\t\t\t\t\t<img src=\"\/\/www.unimed.com.tn\/wp-content\/uploads\/2021\/04\/dates1.jpg\" title=\"dates1\" width=\"1240\" height=\"150\" data-bg=\"p:right center;\" class=\"rev-slidebg\" data-no-retina>\n<!--\n\t\t\t\t\t\t\t--><rs-layer\n\t\t\t\t\t\t\t\tid=\"slider-12-slide-42-layer-0\" \n\t\t\t\t\t\t\t\tdata-type=\"text\"\n\t\t\t\t\t\t\t\tdata-color=\"#000000\"\n\t\t\t\t\t\t\t\tdata-rsp_ch=\"on\"\n\t\t\t\t\t\t\t\tdata-xy=\"xo:59px,48px,48px,48px;yo:47px,38px,38px,38px;\"\n\t\t\t\t\t\t\t\tdata-text=\"w:normal;s:40,33,33,33;l:45,37,37,37;ls:-3,-2,-2,-2;fw:100;\"\n\t\t\t\t\t\t\t\tdata-dim=\"minh:0,none,0,0;\"\n\t\t\t\t\t\t\t\tdata-frame_1=\"st:2060;sR:2060;\"\n\t\t\t\t\t\t\t\tdata-frame_999=\"o:0;st:w;sR:6640;\"\n\t\t\t\t\t\t\t\tstyle=\"z-index:9;font-family:Montserrat;\"\n\t\t\t\t\t\t\t>Key dates, Certifications & Approvals \n\t\t\t\t\t\t\t<\/rs-layer><!--\n-->\t\t\t\t\t\t<\/rs-slide>\n\t\t\t\t\t<\/rs-slides>\n\t\t\t\t<\/rs-module>\n\t\t\t\t<script type=\"text\/javascript\">\n\t\t\t\t\tsetREVStartSize({c: 'rev_slider_12_1',rl:[1240,1024,1024,1024],el:[150,768,768,768],gw:[1240,1024,1024,1024],gh:[150,148,148,148],type:'standard',justify:'',layout:'fullwidth',mh:\"0\"});\n\t\t\t\t\tvar\trevapi12,\n\t\t\t\t\t\ttpj;\n\t\t\t\t\tfunction revinit_revslider121() {\n\t\t\t\t\tjQuery(function() {\n\t\t\t\t\t\ttpj = jQuery;\n\t\t\t\t\t\trevapi12 = tpj(\"#rev_slider_12_1\");\n\t\t\t\t\t\tif(revapi12==undefined || revapi12.revolution == undefined){\n\t\t\t\t\t\t\trevslider_showDoubleJqueryError(\"rev_slider_12_1\");\n\t\t\t\t\t\t}else{\n\t\t\t\t\t\t\trevapi12.revolution({\n\t\t\t\t\t\t\t\tsliderLayout:\"fullwidth\",\n\t\t\t\t\t\t\t\tvisibilityLevels:\"1240,1024,1024,1024\",\n\t\t\t\t\t\t\t\tgridwidth:\"1240,1024,1024,1024\",\n\t\t\t\t\t\t\t\tgridheight:\"150,148,148,148\",\n\t\t\t\t\t\t\t\tperspective:600,\n\t\t\t\t\t\t\t\tperspectiveType:\"global\",\n\t\t\t\t\t\t\t\teditorheight:\"150,768,960,720\",\n\t\t\t\t\t\t\t\tresponsiveLevels:\"1240,1024,1024,1024\",\n\t\t\t\t\t\t\t\tprogressBar:{disableProgressBar:true},\n\t\t\t\t\t\t\t\tnavigation: {\n\t\t\t\t\t\t\t\t\tonHoverStop:false\n\t\t\t\t\t\t\t\t},\n\t\t\t\t\t\t\t\tfallbacks: {\n\t\t\t\t\t\t\t\t\tallowHTML5AutoPlayOnAndroid:true\n\t\t\t\t\t\t\t\t},\n\t\t\t\t\t\t\t});\n\t\t\t\t\t\t}\n\t\t\t\t\t\t\n\t\t\t\t\t});\n\t\t\t\t\t} \/\/ End of RevInitScript\n\t\t\t\tvar once_revslider121 = false;\n\t\t\t\tif (document.readyState === \"loading\") {document.addEventListener('readystatechange',function() { if((document.readyState === \"interactive\" || document.readyState === \"complete\") && !once_revslider121 ) { once_revslider121 = true; revinit_revslider121();}});} else {once_revslider121 = true; revinit_revslider121();}\n\t\t\t\t<\/script>\n\t\t\t<\/rs-module-wrap>\n\t\t\t<!-- END REVOLUTION SLIDER -->\n\n\n\n\n<section id=\"section-845c4b69-41d6-47d5-8aa7-c77d1b2c0718\" class=\"wp-block-gutentor-timeline gutentor-section gutentor-timeline cssanimations timeline-template1 has-color-bg has-custom-bg first-item-active ticss-845c4b69\"><div class=\"grid-container\"><div class=\"gutentor-grid-item-wrap\"><div class=\"gutentor-timeline-wrapper\"><div class=\"gutentor-single-item gutentor-single-item-0 gutentor-even\"><div class=\"gutentor-timeline-item\"><div class=\"gutentor-single-item-wrap\"><div class=\"gutentor-timeline-item-circle\"><\/div><div class=\"gutentor-single-item-wrapper\"><div class=\"gutentor-single-item-content gutentor-timeline-item-content\"><div class=\"gutentor-timeline-item-org-title\"><h5 class=\"gutentor-timeline-item-heading-name\"><strong>Certification<\/strong><\/h5><span class=\"gutentor-timeline-item-duration\">Ann\u00e9e 2019<\/span><\/div><h3 class=\"gutentor-single-item-title\"><strong>Congolaise &amp; Libyenne <\/strong> <\/h3><p class=\"gutentor-single-item-desc\"><strong>Toutes les unit\u00e9s<\/strong><br><\/p><\/div><\/div><\/div><\/div><\/div><div class=\"gutentor-single-item gutentor-single-item-1 gutentor-odd\"><div class=\"gutentor-timeline-item\"><div class=\"gutentor-single-item-wrap\"><div class=\"gutentor-timeline-item-circle\"><\/div><div class=\"gutentor-single-item-wrapper\"><div class=\"gutentor-single-item-content gutentor-timeline-item-content\"><div class=\"gutentor-timeline-item-org-title\"><h5 class=\"gutentor-timeline-item-heading-name\">Certification<\/h5><span class=\"gutentor-timeline-item-duration\">Ann\u00e9e 2019<\/span><\/div><h3 class=\"gutentor-single-item-title\"><strong>Certification JFDA<\/strong><\/h3><p class=\"gutentor-single-item-desc\"><strong>\u00a0unit\u00e9 L -> P\u00e9necillines<\/strong><\/p><\/div><\/div><\/div><\/div><\/div><div class=\"gutentor-single-item gutentor-single-item-2 gutentor-even\"><div class=\"gutentor-timeline-item\"><div class=\"gutentor-single-item-wrap\"><div class=\"gutentor-timeline-item-circle\"><\/div><div class=\"gutentor-single-item-wrapper\"><div class=\"gutentor-single-item-content gutentor-timeline-item-content\"><div class=\"gutentor-timeline-item-org-title\"><h5 class=\"gutentor-timeline-item-heading-name\">Certification<\/h5><span class=\"gutentor-timeline-item-duration\">Ann\u00e9e 2017<\/span><\/div><h3 class=\"gutentor-single-item-title\"><strong>Certification GMP<\/strong><\/h3><p class=\"gutentor-single-item-desc\"><strong>Unit\u00e9s E + C + A<\/strong><\/p><\/div><\/div><\/div><\/div><\/div><div class=\"gutentor-single-item gutentor-single-item-3 gutentor-odd\"><div class=\"gutentor-timeline-item\"><div class=\"gutentor-single-item-wrap\"><div class=\"gutentor-timeline-item-circle\"><\/div><div class=\"gutentor-single-item-wrapper\"><div class=\"gutentor-single-item-content gutentor-timeline-item-content\"><div class=\"gutentor-timeline-item-org-title\"><h5 class=\"gutentor-timeline-item-heading-name\">Certification<\/h5><span class=\"gutentor-timeline-item-duration\">Ann\u00e9e 2017<\/span><\/div><h3 class=\"gutentor-single-item-title\"><strong>Certification Soudanaise<\/strong><\/h3><p class=\"gutentor-single-item-desc\"><strong>Toutes les unit\u00e9s<\/strong><\/p><\/div><\/div><\/div><\/div><\/div><div class=\"gutentor-single-item gutentor-single-item-4 gutentor-even\"><div class=\"gutentor-timeline-item\"><div class=\"gutentor-single-item-wrap\"><div class=\"gutentor-timeline-item-circle\"><\/div><div class=\"gutentor-single-item-wrapper\"><div class=\"gutentor-single-item-content gutentor-timeline-item-content\"><div class=\"gutentor-timeline-item-org-title\"><h5 class=\"gutentor-timeline-item-heading-name\">Entr\u00e9e en bourse<\/h5><span class=\"gutentor-timeline-item-duration\">2016<\/span><\/div><h3 class=\"gutentor-single-item-title\"><strong>Introduction en bourse<\/strong><\/h3><p class=\"gutentor-single-item-desc\"><\/p><\/div><\/div><\/div><\/div><\/div><div class=\"gutentor-single-item gutentor-single-item-5 gutentor-odd\"><div class=\"gutentor-timeline-item\"><div class=\"gutentor-single-item-wrap\"><div class=\"gutentor-timeline-item-circle\"><\/div><div class=\"gutentor-single-item-wrapper\"><div class=\"gutentor-single-item-content gutentor-timeline-item-content\"><div class=\"gutentor-timeline-item-org-title\"><h5 class=\"gutentor-timeline-item-heading-name\">Certification<\/h5><span class=\"gutentor-timeline-item-duration\">Ann\u00e9e 2015<\/span><\/div><h3 class=\"gutentor-single-item-title\"><strong>Certification JFDA<\/strong><\/h3><p class=\"gutentor-single-item-desc\"><strong>Unit\u00e9s A + C + E + G &amp; Nouvelle unit\u00e9 L<\/strong><\/p><\/div><\/div><\/div><\/div><\/div><div class=\"gutentor-single-item gutentor-single-item-6 gutentor-even\"><div class=\"gutentor-timeline-item\"><div class=\"gutentor-single-item-wrap\"><div class=\"gutentor-timeline-item-circle\"><\/div><div class=\"gutentor-single-item-wrapper\"><div class=\"gutentor-single-item-content gutentor-timeline-item-content\"><div class=\"gutentor-timeline-item-org-title\"><h5 class=\"gutentor-timeline-item-heading-name\">Certification<\/h5><span class=\"gutentor-timeline-item-duration\">Ann\u00e9e 2008<\/span><\/div><h3 class=\"gutentor-single-item-title\"><strong>Certification ISO 13485<\/strong><\/h3><p class=\"gutentor-single-item-desc\"><strong>Dispositifs m\u00e9dicaux LNE Gmed<\/strong><\/p><\/div><\/div><\/div><\/div><\/div><div class=\"gutentor-single-item gutentor-single-item-7 gutentor-odd\"><div class=\"gutentor-timeline-item\"><div class=\"gutentor-single-item-wrap\"><div class=\"gutentor-timeline-item-circle\"><\/div><div class=\"gutentor-single-item-wrapper\"><div class=\"gutentor-single-item-content gutentor-timeline-item-content\"><div class=\"gutentor-timeline-item-org-title\"><h5 class=\"gutentor-timeline-item-heading-name\">Certification<\/h5><span class=\"gutentor-timeline-item-duration\">Ann\u00e9es 2006 &#8211; 2007<\/span><\/div><h3 class=\"gutentor-single-item-title\"><strong>Certification GMP<\/strong><\/h3><p class=\"gutentor-single-item-desc\">GMP &#8211; AFSSAPS<\/p><\/div><\/div><\/div><\/div><\/div><div class=\"gutentor-single-item gutentor-single-item-8 gutentor-even\"><div class=\"gutentor-timeline-item\"><div class=\"gutentor-single-item-wrap\"><div class=\"gutentor-timeline-item-circle\"><\/div><div class=\"gutentor-single-item-wrapper\"><div class=\"gutentor-single-item-content gutentor-timeline-item-content\"><div class=\"gutentor-timeline-item-org-title\"><h5 class=\"gutentor-timeline-item-heading-name\">Certification<\/h5><span class=\"gutentor-timeline-item-duration\">Ann\u00e9e 1999<\/span><\/div><h3 class=\"gutentor-single-item-title\"><strong>Certification ISO 9001<\/strong><\/h3><p class=\"gutentor-single-item-desc\">SGS<\/p><\/div><\/div><\/div><\/div><\/div><div class=\"gutentor-single-item gutentor-single-item-9 gutentor-odd\"><div class=\"gutentor-timeline-item\"><div class=\"gutentor-single-item-wrap\"><div class=\"gutentor-timeline-item-circle\"><\/div><div class=\"gutentor-single-item-wrapper\"><div class=\"gutentor-single-item-content gutentor-timeline-item-content\"><div class=\"gutentor-timeline-item-org-title\"><h5 class=\"gutentor-timeline-item-heading-name\">Cr\u00e9ation<\/h5><span class=\"gutentor-timeline-item-duration\">Ann\u00e9es 1989 &#8211; 1993<\/span><\/div><h3 class=\"gutentor-single-item-title\"><strong>Cr\u00e9ation \/ 1st production<\/strong><\/h3><p class=\"gutentor-single-item-desc\"><\/p><\/div><\/div><\/div><\/div><\/div><\/div><\/div><\/div><\/section>\n","protected":false},"excerpt":{"rendered":"Key dates, Certifications & Approvals CertificationAnn\u00e9e 2019Congolaise &amp; Libyenne Toutes les unit\u00e9sCertificationAnn\u00e9e 2019Certification JFDA\u00a0unit\u00e9 L -> P\u00e9necillinesCertificationAnn\u00e9e 2017Certification GMPUnit\u00e9s E + C + ACertificationAnn\u00e9e 2017Certification SoudanaiseToutes les unit\u00e9sEntr\u00e9e en bourse2016Introduction","protected":false},"author":1,"featured_media":0,"parent":0,"menu_order":0,"comment_status":"closed","ping_status":"closed","template":"","meta":{"cybocfi_hide_featured_image":""},"_links":{"self":[{"href":"https:\/\/www.unimed.com.tn\/wp-json\/wp\/v2\/pages\/839"}],"collection":[{"href":"https:\/\/www.unimed.com.tn\/wp-json\/wp\/v2\/pages"}],"about":[{"href":"https:\/\/www.unimed.com.tn\/wp-json\/wp\/v2\/types\/page"}],"author":[{"embeddable":true,"href":"https:\/\/www.unimed.com.tn\/wp-json\/wp\/v2\/users\/1"}],"replies":[{"embeddable":true,"href":"https:\/\/www.unimed.com.tn\/wp-json\/wp\/v2\/comments?post=839"}],"version-history":[{"count":14,"href":"https:\/\/www.unimed.com.tn\/wp-json\/wp\/v2\/pages\/839\/revisions"}],"predecessor-version":[{"id":5483,"href":"https:\/\/www.unimed.com.tn\/wp-json\/wp\/v2\/pages\/839\/revisions\/5483"}],"wp:attachment":[{"href":"https:\/\/www.unimed.com.tn\/wp-json\/wp\/v2\/media?parent=839"}],"curies":[{"name":"wp","href":"https:\/\/api.w.org\/{rel}","templated":true}]}}