{"id":61,"date":"2014-07-09T13:24:01","date_gmt":"2014-07-09T12:24:01","guid":{"rendered":"http:\/\/www.unimed.com.tn\/?page_id=61"},"modified":"2023-11-09T12:36:37","modified_gmt":"2023-11-09T11:36:37","slug":"presentation","status":"publish","type":"page","link":"https:\/\/www.unimed.com.tn\/presentation\/","title":{"rendered":"Pr\u00e9sentation"},"content":{"rendered":"\n\t\t\t<!-- START Presentation REVOLUTION SLIDER 6.3.9 --><p class=\"rs-p-wp-fix\"><\/p>\n\t\t\t<rs-module-wrap id=\"rev_slider_14_1_wrapper\" data-source=\"gallery\" style=\"background:#ffffff;padding:0;margin:0px auto;margin-top:0;margin-bottom:0;\">\n\t\t\t\t<rs-module id=\"rev_slider_14_1\" style=\"\" data-version=\"6.3.9\">\n\t\t\t\t\t<rs-slides>\n\t\t\t\t\t\t<rs-slide data-key=\"rs-44\" data-title=\"Slide\" data-anim=\"ei:d;eo:d;s:1000;r:0;t:fade;sl:0;\">\n\t\t\t\t\t\t\t<img src=\"\/\/www.unimed.com.tn\/wp-content\/uploads\/2021\/04\/pres.jpg\" title=\"pres\" width=\"1240\" height=\"150\" data-bg=\"p:right center;\" class=\"rev-slidebg\" data-no-retina>\n<!--\n\t\t\t\t\t\t\t--><rs-layer\n\t\t\t\t\t\t\t\tid=\"slider-14-slide-44-layer-0\" \n\t\t\t\t\t\t\t\tdata-type=\"text\"\n\t\t\t\t\t\t\t\tdata-color=\"#000000\"\n\t\t\t\t\t\t\t\tdata-rsp_ch=\"on\"\n\t\t\t\t\t\t\t\tdata-xy=\"xo:27px,22px,22px,22px;yo:20px,16px,16px,16px;\"\n\t\t\t\t\t\t\t\tdata-text=\"w:normal;s:88,72,72,72;l:97,80,80,80;ls:-6,-4,-4,-4;fw:100;\"\n\t\t\t\t\t\t\t\tdata-dim=\"minh:0,none,0,0;\"\n\t\t\t\t\t\t\t\tdata-frame_1=\"st:2060;sR:2060;\"\n\t\t\t\t\t\t\t\tdata-frame_999=\"o:0;st:w;sR:6640;\"\n\t\t\t\t\t\t\t\tstyle=\"z-index:9;font-family:Montserrat;\"\n\t\t\t\t\t\t\t>Presentation \n\t\t\t\t\t\t\t<\/rs-layer><!--\n-->\t\t\t\t\t\t<\/rs-slide>\n\t\t\t\t\t<\/rs-slides>\n\t\t\t\t<\/rs-module>\n\t\t\t\t<script type=\"text\/javascript\">\n\t\t\t\t\tsetREVStartSize({c: 'rev_slider_14_1',rl:[1240,1024,1024,1024],el:[150,768,768,768],gw:[1240,1024,1024,1024],gh:[150,148,148,148],type:'standard',justify:'',layout:'fullwidth',mh:\"0\"});\n\t\t\t\t\tvar\trevapi14,\n\t\t\t\t\t\ttpj;\n\t\t\t\t\tfunction revinit_revslider141() {\n\t\t\t\t\tjQuery(function() {\n\t\t\t\t\t\ttpj = jQuery;\n\t\t\t\t\t\trevapi14 = tpj(\"#rev_slider_14_1\");\n\t\t\t\t\t\tif(revapi14==undefined || revapi14.revolution == undefined){\n\t\t\t\t\t\t\trevslider_showDoubleJqueryError(\"rev_slider_14_1\");\n\t\t\t\t\t\t}else{\n\t\t\t\t\t\t\trevapi14.revolution({\n\t\t\t\t\t\t\t\tsliderLayout:\"fullwidth\",\n\t\t\t\t\t\t\t\tvisibilityLevels:\"1240,1024,1024,1024\",\n\t\t\t\t\t\t\t\tgridwidth:\"1240,1024,1024,1024\",\n\t\t\t\t\t\t\t\tgridheight:\"150,148,148,148\",\n\t\t\t\t\t\t\t\tperspective:600,\n\t\t\t\t\t\t\t\tperspectiveType:\"global\",\n\t\t\t\t\t\t\t\teditorheight:\"150,768,960,720\",\n\t\t\t\t\t\t\t\tresponsiveLevels:\"1240,1024,1024,1024\",\n\t\t\t\t\t\t\t\tprogressBar:{disableProgressBar:true},\n\t\t\t\t\t\t\t\tnavigation: {\n\t\t\t\t\t\t\t\t\tonHoverStop:false\n\t\t\t\t\t\t\t\t},\n\t\t\t\t\t\t\t\tfallbacks: {\n\t\t\t\t\t\t\t\t\tallowHTML5AutoPlayOnAndroid:true\n\t\t\t\t\t\t\t\t},\n\t\t\t\t\t\t\t});\n\t\t\t\t\t\t}\n\t\t\t\t\t\t\n\t\t\t\t\t});\n\t\t\t\t\t} \/\/ End of RevInitScript\n\t\t\t\tvar once_revslider141 = false;\n\t\t\t\tif (document.readyState === \"loading\") {document.addEventListener('readystatechange',function() { if((document.readyState === \"interactive\" || document.readyState === \"complete\") && !once_revslider141 ) { once_revslider141 = true; revinit_revslider141();}});} else {once_revslider141 = true; revinit_revslider141();}\n\t\t\t\t<\/script>\n\t\t\t<\/rs-module-wrap>\n\t\t\t<!-- END REVOLUTION SLIDER -->\n\n\n\n\n<section id=\"section-a41a3ca5-b59b-4baa-940d-f44b230027ff\" class=\"wp-block-gutentor-divider section-a41a3ca5-b59b-4baa-940d-f44b230027ff gutentor-element gutentor-section gutentor-divider text-center\"><div class=\"grid-container\"><div class=\"gutentor-divider-box\"><span><svg xmlns=\"http:\/\/www.w3.org\/2000\/svg\" viewBox=\"0 0 240 40\" preserveAspectRatio=\"none\"><path d=\"M56.2 20c5.3-.1 10.6-.2 16-.3l16-.2c10.6-.1 21.3-.1 31.9-.2 10.6.1 21.3 0 31.9.1l16 .2c5.3.1 10.6.2 16 .3-5.3.1-10.6.2-16 .3l-16 .2c-10.6.1-21.3.1-31.9.1-10.6-.1-21.3 0-31.9-.2l-16-.2c-5.4.1-10.7 0-16-.1z\"><\/path><\/svg><\/span><\/div><\/div><\/section>\n\n\n\n<div class=\"wp-block-columns\">\n<div class=\"wp-block-column\" style=\"flex-basis:100%\">\n<div class=\"wp-block-columns\">\n<div class=\"wp-block-column is-vertically-aligned-center\" style=\"flex-basis:50%\">\n<figure class=\"wp-block-embed is-type-video is-provider-youtube wp-block-embed-youtube wp-embed-aspect-16-9 wp-has-aspect-ratio\"><div class=\"wp-block-embed__wrapper\">\n<iframe title=\"Les Laboratoires Unimed\" width=\"1170\" height=\"658\" src=\"https:\/\/www.youtube.com\/embed\/gMipbOhxlhE?start=8&#038;feature=oembed\" frameborder=\"0\" allow=\"accelerometer; autoplay; clipboard-write; encrypted-media; gyroscope; picture-in-picture; web-share\" allowfullscreen><\/iframe>\n<\/div><\/figure>\n<\/div>\n\n\n\n<div class=\"wp-block-column\" style=\"flex-basis:50%\">\n<h1>Les Laboratoires UNIMED<\/h1>\n\n\n\n<p class=\"has-normal-font-size\"><strong>UNIMED <\/strong>a \u00e9t\u00e9 cr\u00e9\u00e9, parmi les premiers laboratoires pharmaceutiques tunisiens, en <strong>1989 <\/strong>par son PDG <strong>Ridha Charfeddine<\/strong>. <\/p>\n\n\n\n<p class=\"has-normal-font-size\">Fort de son potentiel humain et de son savoir-faire, composantes essentielles de son essor, nos laboratoires ont particip\u00e9 d\u2019une fa\u00e7on importante au d\u00e9veloppement de l\u2019industrie pharmaceutique Tunisienne et continuent \u00e0 s\u00e9duire diff\u00e9rents groupes pharmaceutiques de premiers plans aussi bien dans le partenariat au niveau du d\u00e9veloppement gal\u00e9nique que dans la sous-traitance et le fa\u00e7onnage pharmaceutique. <\/p>\n\n\n\n<p class=\"has-normal-font-size\">Ainsi, nous sommes fid\u00e8les \u00e0 notre strat\u00e9gie \u00e0 long terme!<\/p>\n\n\n\n<p class=\"has-normal-font-size\"> UNIMED a \u00e9largi sa gamme qui comprend d\u00e9sormais \u00ab les pr\u00e9parations ophtalmiques, auriculaires, nasales et pour inhalation, les formes liquides injectables, les pr\u00e9parations pressuris\u00e9es, les formes st\u00e9riles s\u00e8ches injectables c\u00e9phalosporiniques, p\u00e9nicilliniques &amp; carbap\u00e9n\u00e8mes, les compl\u00e9ments alimentaires, les dispositifs m\u00e9dicaux et les biocides\u00bb Nous sommes attach\u00e9s \u00e0 nos convictions et nous resterons, toujours, \u00e0 l\u2019\u00e9coute de nos partenaires et nos clients tout en demeurant ouverts \u00e0 toutes les innovations technologiques et scientifiques.<\/p>\n<\/div>\n<\/div>\n<\/div>\n<\/div>\n\n\n\n<section id=\"section-1b887701-4f46-4ddc-af93-ddc54decfeb3\" class=\"wp-block-gutentor-divider section-1b887701-4f46-4ddc-af93-ddc54decfeb3 gutentor-element gutentor-section gutentor-divider text-center\"><div class=\"grid-container\"><div class=\"gutentor-divider-box\"><span><svg xmlns=\"http:\/\/www.w3.org\/2000\/svg\" viewBox=\"0 0 240 40\" preserveAspectRatio=\"none\"><path d=\"M56.2 20c5.3-.1 10.6-.2 16-.3l16-.2c10.6-.1 21.3-.1 31.9-.2 10.6.1 21.3 0 31.9.1l16 .2c5.3.1 10.6.2 16 .3-5.3.1-10.6.2-16 .3l-16 .2c-10.6.1-21.3.1-31.9.1-10.6-.1-21.3 0-31.9-.2l-16-.2c-5.4.1-10.7 0-16-.1z\"><\/path><\/svg><\/span><\/div><\/div><\/section>\n\n\n\n<div class=\"wp-block-columns\">\n<div class=\"wp-block-column\" style=\"flex-basis:66.66%\">\n<section id=\"dbc061\" class=\"section-dbc061 gutentor-module gutentor-module-accordion\"><div class=\"grid-container\">\n<div id=\"501388\" class=\"wp-block-gutentor-m6-item section-501388 gutentor-module gutentor-module-accordion-item\"><div class=\"gutentor-module-accordion-panel g-a-panel-dbc061\"><div class=\"gm-ah-dbc061 gutentor-module-accordion-item-heading gutentor-module-icon-position-right\"><span class=\"gutentor-module-accordion-panel-handler\" role=\"button\"><span class=\"gutentor-module-accordion-panel-handler-label\">Pr\u00e9sentation g\u00e9n\u00e9rale<\/span><span class=\"gutentor-module-accordion-icon\"><i class=\"gm-aio-dbc061 gutentor-module-accordion-icon-open fas fa-plus\"><\/i><i class=\"gm-aic-dbc061 gutentor-module-accordion-icon-close fas fa-minus\"><\/i><\/span><\/span><\/div><div class=\"gm-ab-dbc061 gutentor-module-accordion-body\">\n<div id=\"section-g310fad\" class=\"wp-block-gutentor-e0 section-g310fad gutentor-element gutentor-element-advanced-text\"><div class=\"gutentor-text-wrap\"><p class=\"gutentor-text\">Pionni\u00e8re des laboratoires pharmaceutiques Tunisiens, En se dotant d\u2019un \u00e9tat d\u2019esprit, d\u2019une volont\u00e9 et des moyens n\u00e9cessaires.<br><br>UNIMED a r\u00e9ussi \u00e0 atteindre les standards internationaux de qualit\u00e9 les plus exigeants. Elle est certifi\u00e9e <strong>ISO 9001 <\/strong>depuis 1999, <strong>EuGMP <\/strong>depuis 2006 et<strong> ISO 13485<\/strong> depuis 2008.<br><br>UNIMED dispose d\u2019un d\u00e9partement de veille r\u00e9glementaire et normative, d\u2019un d\u00e9partement de R&amp;D tr\u00e8s actif et d\u2019un personnel hautement qualifi\u00e9, lui permettant de r\u00e9pondre en constance aux exigences d\u2019un monde en perp\u00e9tuelle \u00e9volution et des clients de plus en plus exigeants.<br>Sa bonne gouvernance, son anticipation, sa productivit\u00e9, sa comp\u00e9titivit\u00e9, son int\u00e9gration rapide de toute \u00e9volution r\u00e8glementaire et normative lui ont permis de gagner la confiance de nombreux partenaires de premier plan, de renforcer son positionnement international et de gagner de nouveaux march\u00e9s d\u2019<strong>Europe<\/strong>, d\u2019<strong>Asie<\/strong> et d\u2019<strong>Afrique<\/strong>.<br><br>UNIMED entreprise \u00e9thique, citoyenne est<strong> cot\u00e9e en bourse<\/strong> depuis 2016.<br><br><\/p><\/div><\/div>\n<\/div><\/div><\/div>\n\n\n\n<div id=\"8b24ae\" class=\"wp-block-gutentor-m6-item section-8b24ae gutentor-module gutentor-module-accordion-item\"><div class=\"gutentor-module-accordion-panel g-a-panel-dbc061\"><div class=\"gm-ah-dbc061 gutentor-module-accordion-item-heading gutentor-module-icon-position-right\"><span class=\"gutentor-module-accordion-panel-handler\" role=\"button\"><span class=\"gutentor-module-accordion-panel-handler-label\">Les produits pharmaceutiques fabriqu\u00e9s par UNIMED<\/span><span class=\"gutentor-module-accordion-icon\"><i class=\"gm-aio-dbc061 gutentor-module-accordion-icon-open fas fa-plus\"><\/i><i class=\"gm-aic-dbc061 gutentor-module-accordion-icon-close fas fa-minus\"><\/i><\/span><\/span><\/div><div class=\"gm-ab-dbc061 gutentor-module-accordion-body\">\n<div id=\"section-g3d7dba\" class=\"wp-block-gutentor-e0 section-g3d7dba gutentor-element gutentor-element-advanced-text\"><div class=\"gutentor-text-wrap\"><p class=\"gutentor-text\">Les Laboratoires UNIMED d\u00e9veloppent une activit\u00e9 de production de m\u00e9dicaments \u00e0 usage humain selon deux axes principaux, \u00e0 savoir les\u00a0<strong>M\u00e9dicaments g\u00e9n\u00e9riques<\/strong>, d\u00e9velopp\u00e9s sous la propre marque d\u2019UNIMED et <strong>les\u00a0M\u00e9dicaments fa\u00e7onn\u00e9s<\/strong>\u00a0qui sont fabriqu\u00e9s pour le compte de laboratoires tiers, donneurs d\u2019ordre. Cette derni\u00e8re activit\u00e9 d\u00e9note de la confiance plac\u00e9e dans notre savoir-faire et notre expertise.<br><br>UNIMED ne cesse d\u2019\u00e9largir sa gamme qui comprend d\u00e9sormais les solutions <strong>Ophtalmiques<\/strong>, <strong>ORL<\/strong>, <strong>Inhalation<\/strong>, <strong>les solutions de perfusions<\/strong>, <strong>les liquides injectables <\/strong>et<strong> les poudres p\u00e9nicillines <\/strong>et<strong> c\u00e9phalosporines injectables<\/strong>.<\/p><\/div><\/div>\n<\/div><\/div><\/div>\n\n\n\n<div id=\"589e5e\" class=\"wp-block-gutentor-m6-item section-589e5e gutentor-module gutentor-module-accordion-item\"><div class=\"gutentor-module-accordion-panel g-a-panel-dbc061\"><div class=\"gm-ah-dbc061 gutentor-module-accordion-item-heading gutentor-module-icon-position-right\"><span class=\"gutentor-module-accordion-panel-handler\" role=\"button\"><span class=\"gutentor-module-accordion-panel-handler-label\">Part du march\u00e9<\/span><span class=\"gutentor-module-accordion-icon\"><i class=\"gm-aio-dbc061 gutentor-module-accordion-icon-open fas fa-plus\"><\/i><i class=\"gm-aic-dbc061 gutentor-module-accordion-icon-close fas fa-minus\"><\/i><\/span><\/span><\/div><div class=\"gm-ab-dbc061 gutentor-module-accordion-body\">\n<section id=\"gm226065e\" class=\"wp-block-gutentor-m2 section-gm226065e gutentor-module gutentor-dynamic-columns\"><div class=\"grid-container\"><div class=\"grid-row\">\n<div id=\"col-gm979f26\" class=\"wp-block-gutentor-m2-col col-gm979f26 gutentor-module gutentor-dynamic-single-column grid-lg-4 grid-md-4 grid-12\"><div id=\"section-gm979f26\" class=\"section-gm979f26 gutentor-single-col\">\n<p><strong>March\u00e9 Local <\/strong><\/p>\n<\/div><\/div>\n\n\n\n<div id=\"col-gm938483\" class=\"wp-block-gutentor-m2-col col-gm938483 gutentor-module gutentor-dynamic-single-column grid-lg-4 grid-md-4 grid-12\"><div id=\"section-gm938483\" class=\"section-gm938483 gutentor-single-col\">\n<div id=\"section-g921d9c\" class=\"wp-block-gutentor-e9 section-g921d9c gutentor-element gutentor-element-progressbar\"><div class=\"gutentor-element-progressbar-box\"><span class=\"gutentor-element-progressbar-circular\" data-percent=\"57\" data-barcolor=\"#00aec7\" data-trackcolor=\"false\" data-scalecolor=\"false\" data-linewidth=\"20\" data-size=\"100\" data-animate=\"1000\" data-linecap=\"butt\"><span class=\"gutentor-element-progressbar-text\">57%<\/span><\/span><\/div><\/div>\n\n\n\n<p class=\"has-text-align-center\">Officinal<\/p>\n<\/div><\/div>\n\n\n\n<div id=\"col-gm2987d2\" class=\"wp-block-gutentor-m2-col col-gm2987d2 gutentor-module gutentor-dynamic-single-column grid-lg-4 grid-md-4 grid-12\"><div id=\"section-gm2987d2\" class=\"section-gm2987d2 gutentor-single-col\">\n<div id=\"section-g84fe85\" class=\"wp-block-gutentor-e9 section-g84fe85 gutentor-element gutentor-element-progressbar\"><div class=\"gutentor-element-progressbar-box\"><span class=\"gutentor-element-progressbar-circular\" data-percent=\"43\" data-barcolor=\"#00aec7\" data-trackcolor=\"false\" data-scalecolor=\"false\" data-linewidth=\"20\" data-size=\"100\" data-animate=\"1000\" data-linecap=\"butt\"><span class=\"gutentor-element-progressbar-text\">43%<\/span><\/span><\/div><\/div>\n\n\n\n<p class=\"has-text-align-center\">Hospitalier<\/p>\n<\/div><\/div>\n<\/div><\/div><\/section>\n\n\n\n<section id=\"gmd528f9f\" class=\"wp-block-gutentor-m2 section-gmd528f9f gutentor-module gutentor-dynamic-columns\"><div class=\"grid-container\"><div class=\"grid-row\">\n<div id=\"col-gmb5de0f\" class=\"wp-block-gutentor-m2-col col-gmb5de0f gutentor-module gutentor-dynamic-single-column grid-lg-4 grid-md-4 grid-12\"><div id=\"section-gmb5de0f\" class=\"section-gmb5de0f gutentor-single-col\">\n<p class=\"has-normal-font-size\"><strong>Total des March\u00e9s <\/strong><\/p>\n<\/div><\/div>\n\n\n\n<div id=\"col-gm037690\" class=\"wp-block-gutentor-m2-col col-gm037690 gutentor-module gutentor-dynamic-single-column grid-lg-4 grid-md-4 grid-12\"><div id=\"section-gm037690\" class=\"section-gm037690 gutentor-single-col\">\n<div id=\"section-g1793a9\" class=\"wp-block-gutentor-e9 section-g1793a9 gutentor-element gutentor-element-progressbar\"><div class=\"gutentor-element-progressbar-box\"><div class=\"gutentor-element-progressbar-horizontal-wrap\"><span class=\"gutentor-element-progressbar-horizontal striped-animated\" data-width=\"67\"><span class=\"gutentor-element-progressbar-text\"><span>67%<\/span><\/span><\/span><\/div><\/div><\/div>\n\n\n\n<p class=\"has-text-align-center\">March\u00e9 Local<\/p>\n<\/div><\/div>\n\n\n\n<div id=\"col-gm674c08\" class=\"wp-block-gutentor-m2-col col-gm674c08 gutentor-module gutentor-dynamic-single-column grid-lg-4 grid-md-4 grid-12\"><div id=\"section-gm674c08\" class=\"section-gm674c08 gutentor-single-col\">\n<div id=\"section-g07d3d5\" class=\"wp-block-gutentor-e9 section-g07d3d5 gutentor-element gutentor-element-progressbar\"><div class=\"gutentor-element-progressbar-box\"><div class=\"gutentor-element-progressbar-horizontal-wrap\"><span class=\"gutentor-element-progressbar-horizontal striped-animated\" data-width=\"33\"><span class=\"gutentor-element-progressbar-text\"><span>33%<\/span><\/span><\/span><\/div><\/div><\/div>\n\n\n\n<p class=\"has-text-align-center\">Export<\/p>\n<\/div><\/div>\n<\/div><\/div><\/section>\n<\/div><\/div><\/div>\n\n\n\n<div id=\"18a9bd\" class=\"wp-block-gutentor-m6-item section-18a9bd gutentor-module gutentor-module-accordion-item\"><div class=\"gutentor-module-accordion-panel g-a-panel-dbc061\"><div class=\"gm-ah-dbc061 gutentor-module-accordion-item-heading gutentor-module-icon-position-right\"><span class=\"gutentor-module-accordion-panel-handler\" role=\"button\"><span class=\"gutentor-module-accordion-panel-handler-label\">Vers quel pays UNIMED exporte ses produits<\/span><span class=\"gutentor-module-accordion-icon\"><i class=\"gm-aio-dbc061 gutentor-module-accordion-icon-open fas fa-plus\"><\/i><i class=\"gm-aic-dbc061 gutentor-module-accordion-icon-close fas fa-minus\"><\/i><\/span><\/span><\/div><div class=\"gm-ab-dbc061 gutentor-module-accordion-body\">\n<div id=\"section-g91988f\" class=\"wp-block-gutentor-e0 section-g91988f gutentor-element gutentor-element-advanced-text\"><div class=\"gutentor-text-wrap\"><p class=\"gutentor-text\">Les exportations d\u2019<strong>UNIMED<\/strong>\u00a0sont effectu\u00e9es sur l\u2019<strong>Afrique<\/strong>, l\u2019<strong>Asie <\/strong>et l\u2019<strong>Europe<\/strong>.<br>\u00a0<br><em>Cote d\u2019Ivoire,Gabon, <em>Congo<\/em><\/em> <em>, S\u00e9n\u00e9gal, Soudan, Alg\u00e9rie, Lybie, Y\u00e9men, Jordanie, <em>Irak,<\/em> Liban<\/em>, <em>E.A.U, Arabie saoudite, France, Espagne, Su\u00e8de, Italie<\/em>, Portugal,  Allemagne, Belgique, Angleterre. <\/p><\/div><\/div>\n<\/div><\/div><\/div>\n\n\n\n<div id=\"af481b\" class=\"wp-block-gutentor-m6-item section-af481b gutentor-module gutentor-module-accordion-item\"><div class=\"gutentor-module-accordion-panel g-a-panel-dbc061\"><div class=\"gm-ah-dbc061 gutentor-module-accordion-item-heading gutentor-module-icon-position-right\"><span class=\"gutentor-module-accordion-panel-handler\" role=\"button\"><span class=\"gutentor-module-accordion-panel-handler-label\">Les March\u00e9s Africains vous int\u00e9ressent-ils ?<\/span><span class=\"gutentor-module-accordion-icon\"><i class=\"gm-aio-dbc061 gutentor-module-accordion-icon-open fas fa-plus\"><\/i><i class=\"gm-aic-dbc061 gutentor-module-accordion-icon-close fas fa-minus\"><\/i><\/span><\/span><\/div><div class=\"gm-ab-dbc061 gutentor-module-accordion-body\">\n<div id=\"section-g0fb184\" class=\"wp-block-gutentor-e0 section-g0fb184 gutentor-element gutentor-element-advanced-text\"><div class=\"gutentor-text-wrap\"><p class=\"gutentor-text\"><strong>Les march\u00e9s Africains<\/strong> nous int\u00e9ressent fortement. Toutefois, notre strat\u00e9gie de coop\u00e9ration est bas\u00e9e sur un partenariat durable \u00e9quitablement b\u00e9n\u00e9fique aux deux partenaires. Nous nous adaptons aux besoins de notre partenaire dans les limites de nos champs de comp\u00e9tences. Nous offrons des services tr\u00e8s vari\u00e9s\u00a0:<br>\u00b7<strong>\u00a0\u00a0\u00a0\u00a0<\/strong>\u00a0Transfert technologique\u00a0: nous disposons de plus de <strong>200 dossiers d\u2019AMM<\/strong> en format <strong>CTD <\/strong>d\u00e9velopp\u00e9s par Unimed. Nous disposons des comp\u00e9tences et des moyens pour d\u00e9velopper des m\u00e9dicaments, fabriquer des lots pilotes, r\u00e9aliser les \u00e9tudes de stabilit\u00e9 conform\u00e9ment aux exigences internationales et assurer le transfert et validation des lots industriels.<br>\u00b7<strong>\u00a0\u00a0\u00a0\u00a0<\/strong>\u00a0Cr\u00e9er en partenariat, d\u2019autres projets d\u2019industrie pharmaceutique dans des pays africains.<br><strong>\u00b7\u00a0\u00a0\u00a0\u00a0<\/strong>\u00a0Sous-traitance et vente de m\u00e9dicaments.\u00a0\u00a0<\/p><\/div><\/div>\n<\/div><\/div><\/div>\n<\/div><\/section>\n<\/div>\n\n\n\n<div class=\"wp-block-column\" style=\"flex-basis:33.33%\">\n<div id=\"section-gbf88e3\" class=\"wp-block-gutentor-e6 section-gbf88e3 gutentor-element gutentor-element-image\"><div class=\"gutentor-element-image-box\"><div class=\"gutentor-image-thumb\"><img class=\"normal-image\" src=\"http:\/\/www.unimed.com.tn\/wp-content\/uploads\/2021\/04\/admin.jpg\"\/><\/div><\/div><\/div>\n<\/div>\n<\/div>\n\n\n\n<p><\/p>\n\n\n\n<p><\/p>\n","protected":false},"excerpt":{"rendered":"Presentation https:\/\/www.youtube.com\/watch?v=gMipbOhxlhE&amp;t=8s Les Laboratoires UNIMED UNIMED a \u00e9t\u00e9 cr\u00e9\u00e9, parmi les premiers laboratoires pharmaceutiques tunisiens, en 1989 par son PDG Ridha Charfeddine. Fort de son potentiel humain et de son","protected":false},"author":1,"featured_media":0,"parent":0,"menu_order":2,"comment_status":"closed","ping_status":"closed","template":"","meta":{"cybocfi_hide_featured_image":""},"_links":{"self":[{"href":"https:\/\/www.unimed.com.tn\/wp-json\/wp\/v2\/pages\/61"}],"collection":[{"href":"https:\/\/www.unimed.com.tn\/wp-json\/wp\/v2\/pages"}],"about":[{"href":"https:\/\/www.unimed.com.tn\/wp-json\/wp\/v2\/types\/page"}],"author":[{"embeddable":true,"href":"https:\/\/www.unimed.com.tn\/wp-json\/wp\/v2\/users\/1"}],"replies":[{"embeddable":true,"href":"https:\/\/www.unimed.com.tn\/wp-json\/wp\/v2\/comments?post=61"}],"version-history":[{"count":75,"href":"https:\/\/www.unimed.com.tn\/wp-json\/wp\/v2\/pages\/61\/revisions"}],"predecessor-version":[{"id":6680,"href":"https:\/\/www.unimed.com.tn\/wp-json\/wp\/v2\/pages\/61\/revisions\/6680"}],"wp:attachment":[{"href":"https:\/\/www.unimed.com.tn\/wp-json\/wp\/v2\/media?parent=61"}],"curies":[{"name":"wp","href":"https:\/\/api.w.org\/{rel}","templated":true}]}}