{"id":5101,"date":"2021-06-23T12:12:38","date_gmt":"2021-06-23T11:12:38","guid":{"rendered":"http:\/\/www.unimed.com.tn\/fr\/?page_id=5101"},"modified":"2022-07-23T10:43:06","modified_gmt":"2022-07-23T09:43:06","slug":"top-news","status":"publish","type":"page","link":"https:\/\/www.unimed.com.tn\/top-news\/","title":{"rendered":"Top News"},"content":{"rendered":"<section class=\"section-gp47d9d7 gutentor-post-module gutentor-post-module-p6 gutentor_p6_template2  gutentor-enabled-width\" id=\"gp47d9d7\" data-gbid=\"gp47d9d7\" >\n<div class='grid-container'><div class='grid-row' ><div class='grid-lg-6 grid-md-6 grid-12'><article class='gutentor-post gutentor-post-featured gutentor-post-item-0'><div class=\"gutentor-post-featured-item\"><div class=\"gutentor-post-image-box\"><div class=\"gutentor-image-thumb\"><img width=\"2560\" height=\"1707\" src=\"https:\/\/www.unimed.com.tn\/wp-content\/uploads\/2022\/07\/BD8E9733-copie-scaled.jpg\" class=\"attachment-full size-full wp-post-image\" alt=\"Ridha Charfeddine, pr\u00e9sident directeur g\u00e9n\u00e9ral des laboratoires Unimed\" loading=\"lazy\" srcset=\"https:\/\/www.unimed.com.tn\/wp-content\/uploads\/2022\/07\/BD8E9733-copie-scaled.jpg 2560w, https:\/\/www.unimed.com.tn\/wp-content\/uploads\/2022\/07\/BD8E9733-copie-300x200.jpg 300w, https:\/\/www.unimed.com.tn\/wp-content\/uploads\/2022\/07\/BD8E9733-copie-1024x683.jpg 1024w, https:\/\/www.unimed.com.tn\/wp-content\/uploads\/2022\/07\/BD8E9733-copie-768x512.jpg 768w, https:\/\/www.unimed.com.tn\/wp-content\/uploads\/2022\/07\/BD8E9733-copie-1536x1024.jpg 1536w, https:\/\/www.unimed.com.tn\/wp-content\/uploads\/2022\/07\/BD8E9733-copie-2048x1365.jpg 2048w, https:\/\/www.unimed.com.tn\/wp-content\/uploads\/2022\/07\/BD8E9733-copie-600x400.jpg 600w\" sizes=\"(max-width: 2560px) 100vw, 2560px\" \/><\/div><\/div><div class=\"gutentor-post-content\"><h3 class=\"gutentor-post-featured-title\"><a href=\"https:\/\/www.unimed.com.tn\/le-japon-choisit-unimed-unique-laboratoire-pharmaceutique-africain-pour-la-fabrication-de-tests-de-diagnostic-rapide-du-covid-19-et-dautres-maladies\/\" rel=\"bookmark\">Le Japon choisit Unimed, unique laboratoire Pharmaceutique Africain pour la fabrication de Tests de Diagnostic Rapide du covid-19 et d\u2019autres maladies<\/a><\/h3><div class=\"gutentor-post-featured-desc\">Ev\u00e8nement signature avec GCUBE\n\n\n\nUne c\u00e9r\u00e9monie de signature d\u2019accord de partenariat tuniso-japonais&hellip;<\/div><a class=\"gutentor-button gutentor-post-featured-button gutentor-icon-hide\"  href=\"https:\/\/www.unimed.com.tn\/le-japon-choisit-unimed-unique-laboratoire-pharmaceutique-africain-pour-la-fabrication-de-tests-de-diagnostic-rapide-du-covid-19-et-dautres-maladies\/\" href=\"https:\/\/www.unimed.com.tn\/le-japon-choisit-unimed-unique-laboratoire-pharmaceutique-africain-pour-la-fabrication-de-tests-de-diagnostic-rapide-du-covid-19-et-dautres-maladies\/\"><span>Read More<\/span><\/a><\/div><\/div><\/article><\/div><div class='grid-lg-6 grid-md-6 grid-12'><article class='gutentor-post gutentor-post-normal gutentor-post-item-1'><div class=\"gutentor-post-item\"><div class=\"gutentor-post-image-box\"><div class=\"gutentor-image-thumb\"><img width=\"1110\" height=\"860\" src=\"https:\/\/www.unimed.com.tn\/wp-content\/uploads\/2021\/06\/IMG_20210617_102403-scaled.jpg\" class=\"attachment-full size-full wp-post-image\" alt=\"\" loading=\"lazy\" srcset=\"https:\/\/www.unimed.com.tn\/wp-content\/uploads\/2021\/06\/IMG_20210617_102403-scaled.jpg 1110w, https:\/\/www.unimed.com.tn\/wp-content\/uploads\/2021\/06\/IMG_20210617_102403-scaled-600x465.jpg 600w, https:\/\/www.unimed.com.tn\/wp-content\/uploads\/2021\/06\/IMG_20210617_102403-300x233.jpg 300w, https:\/\/www.unimed.com.tn\/wp-content\/uploads\/2021\/06\/IMG_20210617_102403-1024x794.jpg 1024w, https:\/\/www.unimed.com.tn\/wp-content\/uploads\/2021\/06\/IMG_20210617_102403-768x595.jpg 768w, https:\/\/www.unimed.com.tn\/wp-content\/uploads\/2021\/06\/IMG_20210617_102403-1536x1190.jpg 1536w, https:\/\/www.unimed.com.tn\/wp-content\/uploads\/2021\/06\/IMG_20210617_102403-2048x1587.jpg 2048w\" sizes=\"(max-width: 1110px) 100vw, 1110px\" \/><\/div><\/div><div class=\"gutentor-post-content\"><h3 class=\"gutentor-post-title\"><a href=\"https:\/\/www.unimed.com.tn\/les-laboratoires-unimed-obtiennent-le-statut-doperateur-economique-agree-par-la-douane-tunisienne\/\" rel=\"bookmark\">Les laboratoires Unimed obtiennent le statut d&#8217;op\u00e9rateur \u00e9conomique agr\u00e9\u00e9 par la douane Tunisienne<\/a><\/h3><div class=\"gutentor-post-desc\">Les Laboratoires Unimed ont obtenu le statut d&#8217;op\u00e9rateur \u00e9conomique agr\u00e9\u00e9 accord\u00e9 \u00e0 toute entreprise&hellip;<\/div><\/div><\/div><\/article><article class='gutentor-post gutentor-post-normal gutentor-post-item-2'><div class=\"gutentor-post-item\"><div class=\"gutentor-post-image-box\"><div class=\"gutentor-image-thumb\"><img width=\"1319\" height=\"860\" src=\"https:\/\/www.unimed.com.tn\/wp-content\/uploads\/2021\/06\/PA-8.jpg\" class=\"attachment-full size-full wp-post-image\" alt=\"Les laboratoires Unimed Pr\u00e9caution COVID-19\" loading=\"lazy\" srcset=\"https:\/\/www.unimed.com.tn\/wp-content\/uploads\/2021\/06\/PA-8.jpg 1319w, https:\/\/www.unimed.com.tn\/wp-content\/uploads\/2021\/06\/PA-8-600x391.jpg 600w, https:\/\/www.unimed.com.tn\/wp-content\/uploads\/2021\/06\/PA-8-300x196.jpg 300w, https:\/\/www.unimed.com.tn\/wp-content\/uploads\/2021\/06\/PA-8-1024x668.jpg 1024w, https:\/\/www.unimed.com.tn\/wp-content\/uploads\/2021\/06\/PA-8-768x501.jpg 768w, https:\/\/www.unimed.com.tn\/wp-content\/uploads\/2021\/06\/PA-8-1536x1002.jpg 1536w\" sizes=\"(max-width: 1319px) 100vw, 1319px\" \/><\/div><\/div><div class=\"gutentor-post-content\"><h3 class=\"gutentor-post-title\"><a href=\"https:\/\/www.unimed.com.tn\/les-laboratoires-unimed-simpliquent-dans-la-lutte-contre-la-pandemie-de-covid-19\/\" rel=\"bookmark\">Les laboratoires Unimed s\u2019impliquent dans la lutte contre la pand\u00e9mie de Covid-19<\/a><\/h3><div class=\"gutentor-post-desc\">Dans une croyance stricte de la gravit\u00e9 de la situation et \u00e0 fin de g\u00e9rer au mieux cette crise sanit&hellip;<\/div><\/div><\/div><\/article><article class='gutentor-post gutentor-post-normal gutentor-post-item-3'><div class=\"gutentor-post-item\"><div class=\"gutentor-post-image-box\"><div class=\"gutentor-image-thumb\"><img width=\"2048\" height=\"1366\" src=\"https:\/\/www.unimed.com.tn\/wp-content\/uploads\/2021\/06\/BD8E6768-scaled.jpg\" class=\"attachment-full size-full wp-post-image\" alt=\"Inauguration imminente du service des maladies infectieuses h\u00f4pital Farhat Hached r\u00e9alis\u00e9 par les laboratoires Unimed\" loading=\"lazy\" srcset=\"https:\/\/www.unimed.com.tn\/wp-content\/uploads\/2021\/06\/BD8E6768-scaled.jpg 2048w, https:\/\/www.unimed.com.tn\/wp-content\/uploads\/2021\/06\/BD8E6768-scaled-600x400.jpg 600w, https:\/\/www.unimed.com.tn\/wp-content\/uploads\/2021\/06\/BD8E6768-300x200.jpg 300w, https:\/\/www.unimed.com.tn\/wp-content\/uploads\/2021\/06\/BD8E6768-1024x683.jpg 1024w, https:\/\/www.unimed.com.tn\/wp-content\/uploads\/2021\/06\/BD8E6768-768x512.jpg 768w, https:\/\/www.unimed.com.tn\/wp-content\/uploads\/2021\/06\/BD8E6768-1536x1024.jpg 1536w\" sizes=\"(max-width: 2048px) 100vw, 2048px\" \/><\/div><\/div><div class=\"gutentor-post-content\"><h3 class=\"gutentor-post-title\"><a href=\"https:\/\/www.unimed.com.tn\/inauguration-du-service-specialise-dans-les-maladies-infectieuses-realise-par-unimed-a-lhopital-de-sousse\/\" rel=\"bookmark\">L\u2019ach\u00e8vement du service des maladies infectieuses financ\u00e9 et r\u00e9alis\u00e9 par les Laboratoires UNIMED<\/a><\/h3><div class=\"gutentor-post-desc\">Dans le cadre du soutien des efforts de l\u2019Etat dans sa lutte contre la pand\u00e9mie de la COVID-19, les &hellip;<\/div><\/div><\/div><\/article><article class='gutentor-post gutentor-post-normal gutentor-post-item-4'><div class=\"gutentor-post-item\"><div class=\"gutentor-post-image-box\"><div class=\"gutentor-image-thumb\"><img width=\"1728\" height=\"1296\" src=\"https:\/\/www.unimed.com.tn\/wp-content\/uploads\/2021\/05\/Prix.jpg\" class=\"attachment-full size-full wp-post-image\" alt=\"Les laboratoires Unimed honor\u00e9s par le prix National de la sant\u00e9 et de la s\u00e9curit\u00e9 du travail\" loading=\"lazy\" srcset=\"https:\/\/www.unimed.com.tn\/wp-content\/uploads\/2021\/05\/Prix.jpg 1728w, https:\/\/www.unimed.com.tn\/wp-content\/uploads\/2021\/05\/Prix-600x450.jpg 600w, https:\/\/www.unimed.com.tn\/wp-content\/uploads\/2021\/05\/Prix-300x225.jpg 300w, https:\/\/www.unimed.com.tn\/wp-content\/uploads\/2021\/05\/Prix-1024x768.jpg 1024w, https:\/\/www.unimed.com.tn\/wp-content\/uploads\/2021\/05\/Prix-768x576.jpg 768w, https:\/\/www.unimed.com.tn\/wp-content\/uploads\/2021\/05\/Prix-1536x1152.jpg 1536w\" sizes=\"(max-width: 1728px) 100vw, 1728px\" \/><\/div><\/div><div class=\"gutentor-post-content\"><h3 class=\"gutentor-post-title\"><a href=\"https:\/\/www.unimed.com.tn\/les-laboratoires-unimed-honores-par-le-prix-national-de-la-sante-et-de-la-securite-du-travail\/\" rel=\"bookmark\">Les laboratoires Unimed honor\u00e9s par le prix National de la sant\u00e9 et de la s\u00e9curit\u00e9 du travail<\/a><\/h3><div class=\"gutentor-post-desc\">Les laboratoires Unimed, en la personne de son PDG Ridha Charfeddine et la directrice de la cellule &hellip;<\/div><\/div><\/div><\/article><\/div><\/div><\/div><\/section>","protected":false},"excerpt":{"rendered":"","protected":false},"author":1,"featured_media":0,"parent":0,"menu_order":0,"comment_status":"closed","ping_status":"closed","template":"template-page-sidebar-left.php","meta":{"cybocfi_hide_featured_image":""},"_links":{"self":[{"href":"https:\/\/www.unimed.com.tn\/wp-json\/wp\/v2\/pages\/5101"}],"collection":[{"href":"https:\/\/www.unimed.com.tn\/wp-json\/wp\/v2\/pages"}],"about":[{"href":"https:\/\/www.unimed.com.tn\/wp-json\/wp\/v2\/types\/page"}],"author":[{"embeddable":true,"href":"https:\/\/www.unimed.com.tn\/wp-json\/wp\/v2\/users\/1"}],"replies":[{"embeddable":true,"href":"https:\/\/www.unimed.com.tn\/wp-json\/wp\/v2\/comments?post=5101"}],"version-history":[{"count":12,"href":"https:\/\/www.unimed.com.tn\/wp-json\/wp\/v2\/pages\/5101\/revisions"}],"predecessor-version":[{"id":6678,"href":"https:\/\/www.unimed.com.tn\/wp-json\/wp\/v2\/pages\/5101\/revisions\/6678"}],"wp:attachment":[{"href":"https:\/\/www.unimed.com.tn\/wp-json\/wp\/v2\/media?parent=5101"}],"curies":[{"name":"wp","href":"https:\/\/api.w.org\/{rel}","templated":true}]}}