{"id":5089,"date":"2021-06-21T12:13:17","date_gmt":"2021-06-21T11:13:17","guid":{"rendered":"http:\/\/www.unimed.com.tn\/fr\/?page_id=5089"},"modified":"2021-06-28T12:37:54","modified_gmt":"2021-06-28T11:37:54","slug":"assemble-juin-2020","status":"publish","type":"page","link":"https:\/\/www.unimed.com.tn\/portfolio-galerie\/assemble-juin-2020\/","title":{"rendered":"Assembl\u00e9 Juin 2020"},"content":{"rendered":"\t\t\t<style>\n                #foogallery-gallery-4659.fg-masonry .fg-item {\n                    width: 250px;\n                    margin-right: 10px;\n                    margin-bottom: 10px;\n                }\n\t\t\t<\/style>\n\t\t\t<div class=\"foogallery foogallery-container foogallery-masonry foogallery-lightbox-foobox fg-center fg-masonry fg-dark fg-border-thin fg-shadow-small fg-loading-default fg-loaded-fade-in fg-captions-bottom fg-hover-fade fg-hover-plus fg-ready fg-fixed\" id=\"foogallery-gallery-4659\" data-foogallery=\"{&quot;item&quot;:{&quot;showCaptionTitle&quot;:true,&quot;showCaptionDescription&quot;:true},&quot;lazy&quot;:true,&quot;template&quot;:{&quot;columnWidth&quot;:250,&quot;gutter&quot;:10}}\" >\n\t\t<div class=\"fg-item fg-idle fg-type-image\"><figure class=\"fg-item-inner\"><a href=\"https:\/\/www.unimed.com.tn\/wp-content\/uploads\/2021\/06\/BD8E1500-copie-scaled.jpg\" data-caption-title=\"Assembl\u00e9 Juin 2020\" data-caption-desc=\"Assembl\u00e9 Juin 2020\" data-attachment-id=\"4657\" class=\"fg-thumb\"><span class=\"fg-image-wrap\"><img title=\"Assembl\u00e9 Juin 2020\" width=\"250\" height=\"167\" class=\"skip-lazy fg-image\" data-src-fg=\"https:\/\/www.unimed.com.tn\/wp-content\/uploads\/cache\/2021\/06\/BD8E1500-copie-scaled\/3908638571.jpg\" src=\"data:image\/svg+xml,%3Csvg%20xmlns=%22http%3A%2F%2Fwww.w3.org%2F2000%2Fsvg%22%20viewBox=%220%200%20250%20167%22%3E%3C\/svg%3E\" \/><\/span><span class=\"fg-image-overlay\"><\/span><\/a><figcaption class=\"fg-caption\"><div class=\"fg-caption-inner\"><div class=\"fg-caption-title\">Assembl\u00e9 Juin 2020<\/div><div class=\"fg-caption-desc\">Assembl\u00e9 Juin 2020<\/div><\/div><\/figcaption><\/figure><div class=\"fg-loader\"><\/div><\/div><div class=\"fg-item fg-idle fg-type-image\"><figure class=\"fg-item-inner\"><a href=\"https:\/\/www.unimed.com.tn\/wp-content\/uploads\/2021\/06\/BD8E1498-copie-scaled.jpg\" data-caption-desc=\"Docteur Ridha Charfeddine Assembl\u00e9 Juin 2020\" data-attachment-id=\"4656\" class=\"fg-thumb\"><span class=\"fg-image-wrap\"><img alt=\"Docteur Ridha Charfeddine\" width=\"250\" height=\"367\" class=\"skip-lazy fg-image\" data-src-fg=\"https:\/\/www.unimed.com.tn\/wp-content\/uploads\/cache\/2021\/06\/BD8E1498-copie-scaled\/1660250418.jpg\" src=\"data:image\/svg+xml,%3Csvg%20xmlns=%22http%3A%2F%2Fwww.w3.org%2F2000%2Fsvg%22%20viewBox=%220%200%20250%20367%22%3E%3C\/svg%3E\" \/><\/span><span class=\"fg-image-overlay\"><\/span><\/a><figcaption class=\"fg-caption\"><div class=\"fg-caption-inner\"><div class=\"fg-caption-desc\">Docteur Ridha Charfeddine Assembl\u00e9 Juin 2020<\/div><\/div><\/figcaption><\/figure><div class=\"fg-loader\"><\/div><\/div><div class=\"fg-item fg-idle fg-type-image\"><figure class=\"fg-item-inner\"><a href=\"https:\/\/www.unimed.com.tn\/wp-content\/uploads\/2021\/06\/BD8E1473-copie-scaled.jpg\" data-caption-title=\"Docteur Ridha Charfeddine\" data-caption-desc=\"Docteur Ridha Charfeddine\" data-attachment-id=\"4655\" class=\"fg-thumb\"><span class=\"fg-image-wrap\"><img alt=\"Docteur Ridha Charfeddine\" title=\"Docteur Ridha Charfeddine\" width=\"250\" height=\"171\" class=\"skip-lazy fg-image\" data-src-fg=\"https:\/\/www.unimed.com.tn\/wp-content\/uploads\/cache\/2021\/06\/BD8E1473-copie-scaled\/2213673259.jpg\" src=\"data:image\/svg+xml,%3Csvg%20xmlns=%22http%3A%2F%2Fwww.w3.org%2F2000%2Fsvg%22%20viewBox=%220%200%20250%20171%22%3E%3C\/svg%3E\" \/><\/span><span class=\"fg-image-overlay\"><\/span><\/a><figcaption class=\"fg-caption\"><div class=\"fg-caption-inner\"><div class=\"fg-caption-title\">Docteur Ridha Charfeddine<\/div><div class=\"fg-caption-desc\">Docteur Ridha Charfeddine<\/div><\/div><\/figcaption><\/figure><div class=\"fg-loader\"><\/div><\/div><\/div>\n","protected":false},"excerpt":{"rendered":"Assembl\u00e9 Juin 2020Assembl\u00e9 Juin 2020Docteur Ridha Charfeddine Assembl\u00e9 Juin 2020Docteur Ridha CharfeddineDocteur Ridha Charfeddine","protected":false},"author":1,"featured_media":4656,"parent":5129,"menu_order":0,"comment_status":"closed","ping_status":"closed","template":"","meta":{"cybocfi_hide_featured_image":"yes"},"_links":{"self":[{"href":"https:\/\/www.unimed.com.tn\/wp-json\/wp\/v2\/pages\/5089"}],"collection":[{"href":"https:\/\/www.unimed.com.tn\/wp-json\/wp\/v2\/pages"}],"about":[{"href":"https:\/\/www.unimed.com.tn\/wp-json\/wp\/v2\/types\/page"}],"author":[{"embeddable":true,"href":"https:\/\/www.unimed.com.tn\/wp-json\/wp\/v2\/users\/1"}],"replies":[{"embeddable":true,"href":"https:\/\/www.unimed.com.tn\/wp-json\/wp\/v2\/comments?post=5089"}],"version-history":[{"count":1,"href":"https:\/\/www.unimed.com.tn\/wp-json\/wp\/v2\/pages\/5089\/revisions"}],"predecessor-version":[{"id":5090,"href":"https:\/\/www.unimed.com.tn\/wp-json\/wp\/v2\/pages\/5089\/revisions\/5090"}],"up":[{"embeddable":true,"href":"https:\/\/www.unimed.com.tn\/wp-json\/wp\/v2\/pages\/5129"}],"wp:featuredmedia":[{"embeddable":true,"href":"https:\/\/www.unimed.com.tn\/wp-json\/wp\/v2\/media\/4656"}],"wp:attachment":[{"href":"https:\/\/www.unimed.com.tn\/wp-json\/wp\/v2\/media?parent=5089"}],"curies":[{"name":"wp","href":"https:\/\/api.w.org\/{rel}","templated":true}]}}