{"id":5083,"date":"2021-06-21T12:11:02","date_gmt":"2021-06-21T11:11:02","guid":{"rendered":"http:\/\/www.unimed.com.tn\/fr\/?page_id=5083"},"modified":"2021-06-28T12:39:13","modified_gmt":"2021-06-28T11:39:13","slug":"journee-don-du-sang","status":"publish","type":"page","link":"https:\/\/www.unimed.com.tn\/portfolio-galerie\/journee-don-du-sang\/","title":{"rendered":"Journ\u00e9e don du sang"},"content":{"rendered":"\t\t\t<style>\n                #foogallery-gallery-4727.fg-masonry .fg-item {\n                    width: 250px;\n                    margin-right: 10px;\n                    margin-bottom: 10px;\n                }\n\t\t\t<\/style>\n\t\t\t<div class=\"foogallery foogallery-container foogallery-masonry foogallery-lightbox-foobox fg-center fg-masonry fg-dark fg-border-thin fg-shadow-small fg-loading-default fg-loaded-fade-in fg-captions-bottom fg-hover-fade fg-hover-plus fg-ready fg-fixed\" id=\"foogallery-gallery-4727\" data-foogallery=\"{&quot;item&quot;:{&quot;showCaptionTitle&quot;:true,&quot;showCaptionDescription&quot;:true},&quot;lazy&quot;:true,&quot;template&quot;:{&quot;columnWidth&quot;:250,&quot;gutter&quot;:10}}\" >\n\t\t<div class=\"fg-item fg-idle fg-type-image\"><figure class=\"fg-item-inner\"><a href=\"https:\/\/www.unimed.com.tn\/wp-content\/uploads\/2021\/06\/104167313_1765315326944901_5886143864766194796_n_1765315316944902.jpg\" data-caption-title=\"Journ\u00e9e don du sang UNIMED\" data-caption-desc=\"Journ\u00e9e don du sang UNIMED\" data-attachment-id=\"4728\" class=\"fg-thumb\"><span class=\"fg-image-wrap\"><img title=\"Journ\u00e9e don du sang UNIMED\" width=\"250\" height=\"167\" class=\"skip-lazy fg-image\" data-src-fg=\"https:\/\/www.unimed.com.tn\/wp-content\/uploads\/cache\/2021\/06\/104167313_1765315326944901_5886143864766194796_n_1765315316944902\/4126682814.jpg\" src=\"data:image\/svg+xml,%3Csvg%20xmlns=%22http%3A%2F%2Fwww.w3.org%2F2000%2Fsvg%22%20viewBox=%220%200%20250%20167%22%3E%3C\/svg%3E\" \/><\/span><span class=\"fg-image-overlay\"><\/span><\/a><figcaption class=\"fg-caption\"><div class=\"fg-caption-inner\"><div class=\"fg-caption-title\">Journ\u00e9e don du sang UNIMED<\/div><div class=\"fg-caption-desc\">Journ\u00e9e don du sang UNIMED<\/div><\/div><\/figcaption><\/figure><div class=\"fg-loader\"><\/div><\/div><div class=\"fg-item fg-idle fg-type-image\"><figure class=\"fg-item-inner\"><a href=\"https:\/\/www.unimed.com.tn\/wp-content\/uploads\/2021\/06\/104168865_1765315223611578_7242608303731612209_n_1765315210278246.jpg\" data-caption-title=\"Journ\u00e9e don du sang UNIMED\" data-caption-desc=\"Journ\u00e9e don du sang UNIMED\" data-attachment-id=\"4729\" class=\"fg-thumb\"><span class=\"fg-image-wrap\"><img title=\"Journ\u00e9e don du sang UNIMED\" width=\"250\" height=\"167\" class=\"skip-lazy fg-image\" data-src-fg=\"https:\/\/www.unimed.com.tn\/wp-content\/uploads\/cache\/2021\/06\/104168865_1765315223611578_7242608303731612209_n_1765315210278246\/3032608302.jpg\" src=\"data:image\/svg+xml,%3Csvg%20xmlns=%22http%3A%2F%2Fwww.w3.org%2F2000%2Fsvg%22%20viewBox=%220%200%20250%20167%22%3E%3C\/svg%3E\" \/><\/span><span class=\"fg-image-overlay\"><\/span><\/a><figcaption class=\"fg-caption\"><div class=\"fg-caption-inner\"><div class=\"fg-caption-title\">Journ\u00e9e don du sang UNIMED<\/div><div class=\"fg-caption-desc\">Journ\u00e9e don du sang UNIMED<\/div><\/div><\/figcaption><\/figure><div class=\"fg-loader\"><\/div><\/div><div class=\"fg-item fg-idle fg-type-image\"><figure class=\"fg-item-inner\"><a href=\"https:\/\/www.unimed.com.tn\/wp-content\/uploads\/2021\/06\/104169056_1765315330278234_7747098486854573370_n_1765315320278235.jpg\" data-caption-title=\"Journ\u00e9e don du sang UNIMED\" data-caption-desc=\"Journ\u00e9e don du sang UNIMED\" data-attachment-id=\"4730\" class=\"fg-thumb\"><span class=\"fg-image-wrap\"><img title=\"Journ\u00e9e don du sang UNIMED\" width=\"250\" height=\"189\" class=\"skip-lazy fg-image\" data-src-fg=\"https:\/\/www.unimed.com.tn\/wp-content\/uploads\/cache\/2021\/06\/104169056_1765315330278234_7747098486854573370_n_1765315320278235\/2498625007.jpg\" src=\"data:image\/svg+xml,%3Csvg%20xmlns=%22http%3A%2F%2Fwww.w3.org%2F2000%2Fsvg%22%20viewBox=%220%200%20250%20189%22%3E%3C\/svg%3E\" \/><\/span><span class=\"fg-image-overlay\"><\/span><\/a><figcaption class=\"fg-caption\"><div class=\"fg-caption-inner\"><div class=\"fg-caption-title\">Journ\u00e9e don du sang UNIMED<\/div><div class=\"fg-caption-desc\">Journ\u00e9e don du sang UNIMED<\/div><\/div><\/figcaption><\/figure><div class=\"fg-loader\"><\/div><\/div><div class=\"fg-item fg-idle fg-type-image\"><figure class=\"fg-item-inner\"><a href=\"https:\/\/www.unimed.com.tn\/wp-content\/uploads\/2021\/06\/104409016_1765315220278245_2620551900786861669_n_1765315206944913.jpg\" data-caption-title=\"Journ\u00e9e don du sang UNIMED\" data-caption-desc=\"Journ\u00e9e don du sang UNIMED\" data-attachment-id=\"4731\" class=\"fg-thumb\"><span class=\"fg-image-wrap\"><img title=\"Journ\u00e9e don du sang UNIMED\" width=\"250\" height=\"167\" class=\"skip-lazy fg-image\" data-src-fg=\"https:\/\/www.unimed.com.tn\/wp-content\/uploads\/cache\/2021\/06\/104409016_1765315220278245_2620551900786861669_n_1765315206944913\/3583059154.jpg\" src=\"data:image\/svg+xml,%3Csvg%20xmlns=%22http%3A%2F%2Fwww.w3.org%2F2000%2Fsvg%22%20viewBox=%220%200%20250%20167%22%3E%3C\/svg%3E\" \/><\/span><span class=\"fg-image-overlay\"><\/span><\/a><figcaption class=\"fg-caption\"><div class=\"fg-caption-inner\"><div class=\"fg-caption-title\">Journ\u00e9e don du sang UNIMED<\/div><div class=\"fg-caption-desc\">Journ\u00e9e don du sang UNIMED<\/div><\/div><\/figcaption><\/figure><div class=\"fg-loader\"><\/div><\/div><div class=\"fg-item fg-idle fg-type-image\"><figure class=\"fg-item-inner\"><a href=\"https:\/\/www.unimed.com.tn\/wp-content\/uploads\/2021\/06\/107237584_1783775045098929_1864553879824002319_n_1783775038432263.jpg\" data-caption-title=\"Journ\u00e9e don du sang UNIMED\" data-caption-desc=\"Journ\u00e9e don du sang UNIMED\" data-attachment-id=\"4732\" class=\"fg-thumb\"><span class=\"fg-image-wrap\"><img title=\"Journ\u00e9e don du sang UNIMED\" width=\"250\" height=\"375\" class=\"skip-lazy fg-image\" data-src-fg=\"https:\/\/www.unimed.com.tn\/wp-content\/uploads\/cache\/2021\/06\/107237584_1783775045098929_1864553879824002319_n_1783775038432263\/1218231831.jpg\" src=\"data:image\/svg+xml,%3Csvg%20xmlns=%22http%3A%2F%2Fwww.w3.org%2F2000%2Fsvg%22%20viewBox=%220%200%20250%20375%22%3E%3C\/svg%3E\" \/><\/span><span class=\"fg-image-overlay\"><\/span><\/a><figcaption class=\"fg-caption\"><div class=\"fg-caption-inner\"><div class=\"fg-caption-title\">Journ\u00e9e don du sang UNIMED<\/div><div class=\"fg-caption-desc\">Journ\u00e9e don du sang UNIMED<\/div><\/div><\/figcaption><\/figure><div class=\"fg-loader\"><\/div><\/div><\/div>\n","protected":false},"excerpt":{"rendered":"Journ\u00e9e don du sang UNIMEDJourn\u00e9e don du sang UNIMEDJourn\u00e9e don du sang UNIMEDJourn\u00e9e don du sang UNIMEDJourn\u00e9e don du sang UNIMEDJourn\u00e9e don du sang UNIMEDJourn\u00e9e don du sang UNIMEDJourn\u00e9e don","protected":false},"author":1,"featured_media":0,"parent":5129,"menu_order":0,"comment_status":"closed","ping_status":"closed","template":"","meta":{"cybocfi_hide_featured_image":""},"_links":{"self":[{"href":"https:\/\/www.unimed.com.tn\/wp-json\/wp\/v2\/pages\/5083"}],"collection":[{"href":"https:\/\/www.unimed.com.tn\/wp-json\/wp\/v2\/pages"}],"about":[{"href":"https:\/\/www.unimed.com.tn\/wp-json\/wp\/v2\/types\/page"}],"author":[{"embeddable":true,"href":"https:\/\/www.unimed.com.tn\/wp-json\/wp\/v2\/users\/1"}],"replies":[{"embeddable":true,"href":"https:\/\/www.unimed.com.tn\/wp-json\/wp\/v2\/comments?post=5083"}],"version-history":[{"count":1,"href":"https:\/\/www.unimed.com.tn\/wp-json\/wp\/v2\/pages\/5083\/revisions"}],"predecessor-version":[{"id":5084,"href":"https:\/\/www.unimed.com.tn\/wp-json\/wp\/v2\/pages\/5083\/revisions\/5084"}],"up":[{"embeddable":true,"href":"https:\/\/www.unimed.com.tn\/wp-json\/wp\/v2\/pages\/5129"}],"wp:attachment":[{"href":"https:\/\/www.unimed.com.tn\/wp-json\/wp\/v2\/media?parent=5083"}],"curies":[{"name":"wp","href":"https:\/\/api.w.org\/{rel}","templated":true}]}}