{"id":494,"date":"2014-07-17T09:42:55","date_gmt":"2014-07-17T08:42:55","guid":{"rendered":"http:\/\/www.unimed.com.tn\/?page_id=494"},"modified":"2021-03-04T18:43:26","modified_gmt":"2021-03-04T17:43:26","slug":"changement-de-ladresse-de-notre-direction-marketing-a-tunis","status":"publish","type":"page","link":"https:\/\/www.unimed.com.tn\/divers\/changement-de-ladresse-de-notre-direction-marketing-a-tunis\/","title":{"rendered":"Nouvelle adresse de notre Direction \u00e0 Tunis"},"content":{"rendered":"<h2>Changement de l\u2019adresse de notre Direction Marketing \u00e0 Tunis<\/h2>\n<h3><em>&nbsp;<\/em><\/h3>\n<p><strong>Ancienne adresse<\/strong><br \/>\nLaboratoires Unimed<br \/>\nDirection Marketing<br \/>\nResidence Mirabella 1013 Menzah 9<br \/>\n<strong>Tel : 70 825 355\/ 365<\/strong><\/p>\n<p><b>Nouvelle adresse<\/b><br \/>\nLaboratoires Unimed<br \/>\nDirection Marketing<br \/>\nAngle Rue Moheddine Klibi et Abdallah Al Hafsi 2092 Manar 2<br \/>\n1\u00e8re rue parall\u00e8le \u00e0 la clinique Avicenne<br \/>\n<strong>Tel 71 888 188 Fax : 71 888 137<\/strong><\/p>\n","protected":false},"excerpt":{"rendered":"<p>Changement de l\u2019adresse de notre Direction Marketing \u00e0 Tunis &nbsp; Ancienne adresse Laboratoires Unimed Direction Marketing Residence Mirabella 1013 Menzah 9 Tel : 70 825 355\/ 365 Nouvelle adresse Laboratoires<\/p>\n","protected":false},"author":1,"featured_media":0,"parent":480,"menu_order":0,"comment_status":"closed","ping_status":"open","template":"","meta":{"cybocfi_hide_featured_image":""},"_links":{"self":[{"href":"https:\/\/www.unimed.com.tn\/wp-json\/wp\/v2\/pages\/494"}],"collection":[{"href":"https:\/\/www.unimed.com.tn\/wp-json\/wp\/v2\/pages"}],"about":[{"href":"https:\/\/www.unimed.com.tn\/wp-json\/wp\/v2\/types\/page"}],"author":[{"embeddable":true,"href":"https:\/\/www.unimed.com.tn\/wp-json\/wp\/v2\/users\/1"}],"replies":[{"embeddable":true,"href":"https:\/\/www.unimed.com.tn\/wp-json\/wp\/v2\/comments?post=494"}],"version-history":[{"count":21,"href":"https:\/\/www.unimed.com.tn\/wp-json\/wp\/v2\/pages\/494\/revisions"}],"predecessor-version":[{"id":2493,"href":"https:\/\/www.unimed.com.tn\/wp-json\/wp\/v2\/pages\/494\/revisions\/2493"}],"up":[{"embeddable":true,"href":"https:\/\/www.unimed.com.tn\/wp-json\/wp\/v2\/pages\/480"}],"wp:attachment":[{"href":"https:\/\/www.unimed.com.tn\/wp-json\/wp\/v2\/media?parent=494"}],"curies":[{"name":"wp","href":"https:\/\/api.w.org\/{rel}","templated":true}]}}