{"id":3070,"date":"2021-05-21T12:28:26","date_gmt":"2021-05-21T11:28:26","guid":{"rendered":"http:\/\/www.unimed.com.tn\/fr\/?page_id=3070"},"modified":"2022-01-26T14:22:56","modified_gmt":"2022-01-26T13:22:56","slug":"les-laboratoires-unimed-fait-don-dune-ambulance-au-centre-de-sante-de-base-a-kondar","status":"publish","type":"page","link":"https:\/\/www.unimed.com.tn\/les-laboratoires-unimed-fait-don-dune-ambulance-au-centre-de-sante-de-base-a-kondar\/","title":{"rendered":"Les laboratoires Unimed fait don d\u2019une ambulance au centre de sant\u00e9 de base \u00e0 Kondar"},"content":{"rendered":"\n<div id=\"section-g00a7bb\" class=\"wp-block-gutentor-e6 section-g00a7bb gutentor-element gutentor-element-image text-align-center-desktop\"><div class=\"gutentor-element-image-box\"><div class=\"gutentor-image-thumb\"><img class=\"normal-image\" src=\"http:\/\/www.unimed.com.tn\/wp-content\/uploads\/2021\/05\/Ambulance.jpg\" alt=\"Unimed fait don d\u2019une ambulance au centre de sant\u00e9 de base \u00e0 Kondar  \"\/><\/div><\/div><\/div>\n\n\n\n<p>Dans le cadre de la lutte contre la pand\u00e9mie de la Covid-19 et en r\u00e9ponse aux efforts de la mobilisation nationale d\u00e9ploy\u00e9e, les laboratoires unimed ont fait don d\u2019une ambulance d\u2019une valeur de 96 mille dinars au profit du centre de sant\u00e9 de base \u00e0 Kondar. <\/p>\n\n\n\n<p>Ce don s\u2019inscrit \u00e9galement dans l\u2019engagement soci\u00e9tal dont Unimed fait preuve depuis plusieurs ann\u00e9es \u00e0 travers le soutien de plusieurs domaines.<\/p>\n","protected":false},"excerpt":{"rendered":"<p>Dans le cadre de la lutte contre la pand\u00e9mie de la Covid-19 et en r\u00e9ponse aux efforts de la mobilisation nationale d\u00e9ploy\u00e9e, les laboratoires unimed ont fait don d\u2019une ambulance<\/p>\n","protected":false},"author":1,"featured_media":4661,"parent":0,"menu_order":0,"comment_status":"closed","ping_status":"closed","template":"template-page-sidebar-left.php","meta":{"cybocfi_hide_featured_image":"yes"},"_links":{"self":[{"href":"https:\/\/www.unimed.com.tn\/wp-json\/wp\/v2\/pages\/3070"}],"collection":[{"href":"https:\/\/www.unimed.com.tn\/wp-json\/wp\/v2\/pages"}],"about":[{"href":"https:\/\/www.unimed.com.tn\/wp-json\/wp\/v2\/types\/page"}],"author":[{"embeddable":true,"href":"https:\/\/www.unimed.com.tn\/wp-json\/wp\/v2\/users\/1"}],"replies":[{"embeddable":true,"href":"https:\/\/www.unimed.com.tn\/wp-json\/wp\/v2\/comments?post=3070"}],"version-history":[{"count":6,"href":"https:\/\/www.unimed.com.tn\/wp-json\/wp\/v2\/pages\/3070\/revisions"}],"predecessor-version":[{"id":5255,"href":"https:\/\/www.unimed.com.tn\/wp-json\/wp\/v2\/pages\/3070\/revisions\/5255"}],"wp:featuredmedia":[{"embeddable":true,"href":"https:\/\/www.unimed.com.tn\/wp-json\/wp\/v2\/media\/4661"}],"wp:attachment":[{"href":"https:\/\/www.unimed.com.tn\/wp-json\/wp\/v2\/media?parent=3070"}],"curies":[{"name":"wp","href":"https:\/\/api.w.org\/{rel}","templated":true}]}}