{"id":3044,"date":"2021-05-20T13:27:54","date_gmt":"2021-05-20T12:27:54","guid":{"rendered":"http:\/\/www.unimed.com.tn\/fr\/?page_id=3044"},"modified":"2022-01-27T00:18:55","modified_gmt":"2022-01-26T23:18:55","slug":"inauguration-du-service-specialise-dans-les-maladies-infectieuses-realise-par-unimed-a-lhopital-de-sousse","status":"publish","type":"page","link":"https:\/\/www.unimed.com.tn\/inauguration-du-service-specialise-dans-les-maladies-infectieuses-realise-par-unimed-a-lhopital-de-sousse\/","title":{"rendered":"L\u2019ach\u00e8vement du service des maladies infectieuses financ\u00e9 et r\u00e9alis\u00e9 par les Laboratoires UNIMED"},"content":{"rendered":"\n<p><\/p>\n\n\n\n<div id=\"section-g952643\" class=\"wp-block-gutentor-e6 section-g952643 gutentor-element gutentor-element-image\"><div class=\"gutentor-element-image-box\"><div class=\"gutentor-image-thumb\"><img class=\"normal-image\" src=\"http:\/\/www.unimed.com.tn\/wp-content\/uploads\/2021\/05\/Slide.jpg\"\/><\/div><\/div><\/div>\n\n\n\n<p><\/p>\n\n\n\n<p>Dans le cadre du soutien des efforts de l\u2019Etat dans sa lutte contre la pand\u00e9mie de la COVID-19, les Laboratoires UNIMED ont r\u00e9am\u00e9nag\u00e9 et renouvel\u00e9 le service des maladies infectieuses et contagieuses de l\u2019h\u00f4pital universitaire Farhat Hached de Sousse.<\/p>\n\n\n\n<p>Ce projet, qui a permis de doter la r\u00e9gion du Sahel d\u2019un service \u00e0 la pointe de l&#8217;innovation th\u00e9rapeutique consid\u00e9r\u00e9 comme le premier de son genre en Tunisie et en Afrique du Nord, a \u00e9t\u00e9 financ\u00e9 par les Laboratoires Unimed moyennant une enveloppe de 1.740 million de dinars.<\/p>\n\n\n\n<p><br>Ce service \u00e0 la pointe de l&#8217;innovation th\u00e9rapeutique (ventilation en d\u00e9cubitus ventral, ventilation non-invasive), dot\u00e9 de 6 chambres et d&#8217;une capacit\u00e9 d\u2019accueil de 8 lits a \u00e9t\u00e9 r\u00e9alis\u00e9 en l\u2019espace de cinq mois selon les normes internationales et par des comp\u00e9tences 100% Tunisiennes.<br> <\/p>\n\n\n\n<p><\/p>\n\n\n\n<p><\/p>\n","protected":false},"excerpt":{"rendered":"<p>Dans le cadre du soutien des efforts de l\u2019Etat dans sa lutte contre la pand\u00e9mie de la COVID-19, les Laboratoires UNIMED ont r\u00e9am\u00e9nag\u00e9 et renouvel\u00e9 le service des maladies infectieuses<\/p>\n","protected":false},"author":1,"featured_media":4686,"parent":0,"menu_order":0,"comment_status":"closed","ping_status":"closed","template":"template-page-sidebar-left.php","meta":{"cybocfi_hide_featured_image":"yes"},"_links":{"self":[{"href":"https:\/\/www.unimed.com.tn\/wp-json\/wp\/v2\/pages\/3044"}],"collection":[{"href":"https:\/\/www.unimed.com.tn\/wp-json\/wp\/v2\/pages"}],"about":[{"href":"https:\/\/www.unimed.com.tn\/wp-json\/wp\/v2\/types\/page"}],"author":[{"embeddable":true,"href":"https:\/\/www.unimed.com.tn\/wp-json\/wp\/v2\/users\/1"}],"replies":[{"embeddable":true,"href":"https:\/\/www.unimed.com.tn\/wp-json\/wp\/v2\/comments?post=3044"}],"version-history":[{"count":18,"href":"https:\/\/www.unimed.com.tn\/wp-json\/wp\/v2\/pages\/3044\/revisions"}],"predecessor-version":[{"id":5262,"href":"https:\/\/www.unimed.com.tn\/wp-json\/wp\/v2\/pages\/3044\/revisions\/5262"}],"wp:featuredmedia":[{"embeddable":true,"href":"https:\/\/www.unimed.com.tn\/wp-json\/wp\/v2\/media\/4686"}],"wp:attachment":[{"href":"https:\/\/www.unimed.com.tn\/wp-json\/wp\/v2\/media?parent=3044"}],"curies":[{"name":"wp","href":"https:\/\/api.w.org\/{rel}","templated":true}]}}