{"id":3011,"date":"2021-05-19T16:50:40","date_gmt":"2021-05-19T15:50:40","guid":{"rendered":"http:\/\/www.unimed.com.tn\/fr\/?page_id=3011"},"modified":"2022-05-29T13:39:14","modified_gmt":"2022-05-29T12:39:14","slug":"les-laboratoires-unimed-honores-par-le-prix-national-de-la-sante-et-de-la-securite-du-travail","status":"publish","type":"page","link":"https:\/\/www.unimed.com.tn\/les-laboratoires-unimed-honores-par-le-prix-national-de-la-sante-et-de-la-securite-du-travail\/","title":{"rendered":"Les laboratoires Unimed honor\u00e9s par le prix National de la sant\u00e9 et de la s\u00e9curit\u00e9 du travail"},"content":{"rendered":"\n<div id=\"section-gf0e266\" class=\"wp-block-gutentor-e6 section-gf0e266 gutentor-element gutentor-element-image\"><div class=\"gutentor-element-image-box\"><div class=\"gutentor-image-thumb\"><img class=\"normal-image\" src=\"http:\/\/www.unimed.com.tn\/wp-content\/uploads\/2021\/05\/187972458_10225316804602982_6862169152872573070_n.jpg\"\/><\/div><\/div><\/div>\n\n\n\n<p>Les laboratoires Unimed, en la personne de son PDG Ridha Charfeddine et la directrice de la cellule \u00ab&nbsp;veille et contr\u00f4le&nbsp;\u00bb madame Jihen Charfeddine ont re\u00e7u le prix national de la sant\u00e9 et de la s\u00e9curit\u00e9 du travail au titre de l&#8217;ann\u00e9e 2020 lors de la c\u00e9r\u00e9monie de c\u00e9l\u00e9bration de la journ\u00e9e mondiale du travail le 01 mai 2021.<\/p>\n\n\n\n<p>Cette r\u00e9compense d\u00e9cern\u00e9 par le Minist\u00e8re des Affaires Sociales valorise l\u2019effort et l\u2019ensemble fournit par Les Laboratoires Unimed et traduit les actions qui visent \u00e0 am\u00e9liorer les conditions de travail en renfor\u00e7ant les pr\u00e9ventions des risques professionnels et en garantissant les meilleures conditions d\u2019hygi\u00e8ne.<\/p>\n\n\n\n<p>Tenant a pr\u00e9cis\u00e9 que cette c\u00e9r\u00e9monie a \u00e9t\u00e9 pr\u00e9sid\u00e9e par le chef du gouvernement, Hichem Mechichi, en pr\u00e9sence du&nbsp;Ministre des Affaires Sociales,  Mohamed Trabelsi et du Secr\u00e9taire G\u00e9n\u00e9ral de l&#8217;UGTT, Noureddine Tabboubi.<\/p>\n\n\n\n<figure class=\"wp-block-gallery columns-3 is-cropped\"><ul class=\"blocks-gallery-grid\"><li class=\"blocks-gallery-item\"><figure><a href=\"http:\/\/www.unimed.com.tn\/wp-content\/uploads\/2021\/05\/Hichem-Mechichi.jpg\"><img loading=\"lazy\" width=\"500\" height=\"394\" src=\"http:\/\/www.unimed.com.tn\/wp-content\/uploads\/2021\/05\/Hichem-Mechichi.jpg\" alt=\"\" data-id=\"3021\" data-full-url=\"http:\/\/www.unimed.com.tn\/wp-content\/uploads\/2021\/05\/Hichem-Mechichi.jpg\" data-link=\"http:\/\/www.unimed.com.tn\/les-laboratoires-unimed-honorees-par-le-prix-national-de-la-sante-et-de-la-securite-du-travail\/hichem-mechichi\/\" class=\"wp-image-3021\" srcset=\"https:\/\/www.unimed.com.tn\/wp-content\/uploads\/2021\/05\/Hichem-Mechichi.jpg 500w, https:\/\/www.unimed.com.tn\/wp-content\/uploads\/2021\/05\/Hichem-Mechichi-300x236.jpg 300w\" sizes=\"(max-width: 500px) 100vw, 500px\" \/><\/a><\/figure><\/li><li class=\"blocks-gallery-item\"><figure><a href=\"http:\/\/www.unimed.com.tn\/wp-content\/uploads\/2021\/05\/Jihen-Charfeddine.jpg\"><img loading=\"lazy\" width=\"618\" height=\"634\" src=\"http:\/\/www.unimed.com.tn\/wp-content\/uploads\/2021\/05\/Jihen-Charfeddine.jpg\" alt=\"\" data-id=\"3022\" data-full-url=\"http:\/\/www.unimed.com.tn\/wp-content\/uploads\/2021\/05\/Jihen-Charfeddine.jpg\" data-link=\"http:\/\/www.unimed.com.tn\/les-laboratoires-unimed-honorees-par-le-prix-national-de-la-sante-et-de-la-securite-du-travail\/jihen-charfeddine\/\" class=\"wp-image-3022\" srcset=\"https:\/\/www.unimed.com.tn\/wp-content\/uploads\/2021\/05\/Jihen-Charfeddine.jpg 618w, https:\/\/www.unimed.com.tn\/wp-content\/uploads\/2021\/05\/Jihen-Charfeddine-600x616.jpg 600w, https:\/\/www.unimed.com.tn\/wp-content\/uploads\/2021\/05\/Jihen-Charfeddine-292x300.jpg 292w\" sizes=\"(max-width: 618px) 100vw, 618px\" \/><\/a><\/figure><\/li><li class=\"blocks-gallery-item\"><figure><a href=\"http:\/\/www.unimed.com.tn\/wp-content\/uploads\/2021\/05\/Les-laboratoires-Unimed-1.jpg\"><img loading=\"lazy\" width=\"600\" height=\"464\" src=\"http:\/\/www.unimed.com.tn\/wp-content\/uploads\/2021\/05\/Les-laboratoires-Unimed-1.jpg\" alt=\"\" data-id=\"3023\" data-full-url=\"http:\/\/www.unimed.com.tn\/wp-content\/uploads\/2021\/05\/Les-laboratoires-Unimed-1.jpg\" data-link=\"http:\/\/www.unimed.com.tn\/les-laboratoires-unimed-honorees-par-le-prix-national-de-la-sante-et-de-la-securite-du-travail\/les-laboratoires-unimed-1\/\" class=\"wp-image-3023\" srcset=\"https:\/\/www.unimed.com.tn\/wp-content\/uploads\/2021\/05\/Les-laboratoires-Unimed-1.jpg 600w, https:\/\/www.unimed.com.tn\/wp-content\/uploads\/2021\/05\/Les-laboratoires-Unimed-1-300x232.jpg 300w\" sizes=\"(max-width: 600px) 100vw, 600px\" \/><\/a><\/figure><\/li><\/ul><\/figure>\n","protected":false},"excerpt":{"rendered":"<p>Les laboratoires Unimed, en la personne de son PDG Ridha Charfeddine et la directrice de la cellule \u00ab&nbsp;veille et contr\u00f4le&nbsp;\u00bb madame Jihen Charfeddine ont re\u00e7u le prix national de la<\/p>\n","protected":false},"author":1,"featured_media":3020,"parent":0,"menu_order":0,"comment_status":"closed","ping_status":"closed","template":"template-page-sidebar-left.php","meta":{"cybocfi_hide_featured_image":"yes"},"_links":{"self":[{"href":"https:\/\/www.unimed.com.tn\/wp-json\/wp\/v2\/pages\/3011"}],"collection":[{"href":"https:\/\/www.unimed.com.tn\/wp-json\/wp\/v2\/pages"}],"about":[{"href":"https:\/\/www.unimed.com.tn\/wp-json\/wp\/v2\/types\/page"}],"author":[{"embeddable":true,"href":"https:\/\/www.unimed.com.tn\/wp-json\/wp\/v2\/users\/1"}],"replies":[{"embeddable":true,"href":"https:\/\/www.unimed.com.tn\/wp-json\/wp\/v2\/comments?post=3011"}],"version-history":[{"count":7,"href":"https:\/\/www.unimed.com.tn\/wp-json\/wp\/v2\/pages\/3011\/revisions"}],"predecessor-version":[{"id":6127,"href":"https:\/\/www.unimed.com.tn\/wp-json\/wp\/v2\/pages\/3011\/revisions\/6127"}],"wp:featuredmedia":[{"embeddable":true,"href":"https:\/\/www.unimed.com.tn\/wp-json\/wp\/v2\/media\/3020"}],"wp:attachment":[{"href":"https:\/\/www.unimed.com.tn\/wp-json\/wp\/v2\/media?parent=3011"}],"curies":[{"name":"wp","href":"https:\/\/api.w.org\/{rel}","templated":true}]}}