{"id":1909,"date":"2016-03-24T14:28:47","date_gmt":"2016-03-24T13:28:47","guid":{"rendered":"http:\/\/www.unimed.com.tn\/?page_id=1909"},"modified":"2021-02-25T22:03:47","modified_gmt":"2021-02-25T21:03:47","slug":"donnees-financieres","status":"publish","type":"page","link":"https:\/\/www.unimed.com.tn\/donnees-financieres\/","title":{"rendered":"Donn\u00e9es financi\u00e8res"},"content":{"rendered":"<table>\n<tbody>\n<tr>\n<td>\n<h3><strong>Analyse Financi\u00e8re<\/strong><\/h3>\n<p><a style=\"background: #78b800; color: #fff; padding: 1%;\" href=\"http:\/\/www.unimed.com.tn\/wp-content\/uploads\/2016\/03\/Analyse-financi\u00e8re-UNIMED.pdf\" target=\"_blank\" rel=\"noopener\">T\u00e9l\u00e9charger en PDF<\/a><\/td>\n<td>\n<h3><strong>Prospectus Unimed<\/strong><\/h3>\n<p><a style=\"background: #78b800; color: #fff; padding: 1%;\" href=\"http:\/\/www.unimed.com.tn\/wp-content\/themes\/Unimed\/images\/UNIMED-doc-de-r\u00e9f\u00e9rence.pdf\" target=\"_blank\" rel=\"noopener\">T\u00e9l\u00e9charger en PDF<\/a><\/td>\n<\/tr>\n<\/tbody>\n<\/table>\n<p style=\"display: block;\">\n<table>\n<tbody>\n<tr>\n<td>\n<h3><strong>Etats financiers semestriels 30-06-2016<\/strong><\/h3>\n<p><a style=\"background: #78b800; color: #fff; padding: 1%;\" href=\"http:\/\/www.unimed.com.tn\/wp-content\/uploads\/2020\/03\/unimed-etats-financiers-semestriels-30-06-2016.pdf\" target=\"_blank\" rel=\"noopener\">T\u00e9l\u00e9charger en PDF<\/a><\/td>\n<td>\n<h3><strong>Etats financiers annuels 31-12-2016<\/strong><\/h3>\n<p><a style=\"background: #78b800; color: #fff; padding: 1%;\" href=\"http:\/\/www.unimed.com.tn\/wp-content\/uploads\/2020\/03\/unimed-etats-financiers-annuels-31-12-2016.pdf\" target=\"_blank\" rel=\"noopener\">T\u00e9l\u00e9charger en PDF<\/a><\/td>\n<\/tr>\n<\/tbody>\n<\/table>\n<p style=\"display: block;\">\n<table>\n<tbody>\n<tr>\n<td>\n<h3><strong>Etats financiers semestriels 30-06-2017<\/strong><\/h3>\n<p><a style=\"background: #78b800; color: #fff; padding: 1%;\" href=\"http:\/\/www.unimed.com.tn\/wp-content\/uploads\/2020\/03\/unimed-etats-financiers-semestriels-30-06-2017.pdf\" target=\"_blank\" rel=\"noopener\">T\u00e9l\u00e9charger en PDF<\/a><\/td>\n<td>\n<h3><strong>Etats financiers annuels 31-12-2017<\/strong><\/h3>\n<p><a style=\"background: #78b800; color: #fff; padding: 1%;\" href=\"http:\/\/www.unimed.com.tn\/wp-content\/uploads\/2020\/03\/unimed-etats-financiers-annuels-31-12-2017.pdf\" target=\"_blank\" rel=\"noopener\">T\u00e9l\u00e9charger en PDF<\/a><\/td>\n<\/tr>\n<\/tbody>\n<\/table>\n<p style=\"display: block;\">\n<table>\n<tbody>\n<tr>\n<td>\n<h3><strong>Etats financiers semestriels 30-06-2018<\/strong><\/h3>\n<p><a style=\"background: #78b800; color: #fff; padding: 1%;\" href=\"http:\/\/www.unimed.com.tn\/wp-content\/uploads\/2020\/03\/unimed-etats-financiers-semestriels-30-06-2018.pdf\" target=\"_blank\" rel=\"noopener\">T\u00e9l\u00e9charger en PDF<\/a><\/td>\n<td>\n<h3><strong>Etats financiers annuels 31-12-2018<\/strong><\/h3>\n<p><a style=\"background: #78b800; color: #fff; padding: 1%;\" href=\"http:\/\/www.unimed.com.tn\/wp-content\/uploads\/2020\/03\/unimed-etats-financiers-annuels-31-12-2018.pdf\" target=\"_blank\" rel=\"noopener\">T\u00e9l\u00e9charger en PDF<\/a><\/td>\n<\/tr>\n<\/tbody>\n<\/table>\n<p style=\"display: block;\">\n<table>\n<tbody>\n<tr>\n<td>\n<h3><strong>Etats financiers semestriels 30-06-2019<\/strong><\/h3>\n<p><a style=\"background: #78b800; color: #fff; padding: 1%;\" href=\"http:\/\/www.unimed.com.tn\/wp-content\/uploads\/2020\/03\/unimed-etats-financiers-semestriels-30-06-2019.pdf\" target=\"_blank\" rel=\"noopener\">T\u00e9l\u00e9charger en PDF<\/a><\/td>\n<\/tr>\n<\/tbody>\n<\/table>\n","protected":false},"excerpt":{"rendered":"<p>Analyse Financi\u00e8re T\u00e9l\u00e9charger en PDF Prospectus Unimed T\u00e9l\u00e9charger en PDF Etats financiers semestriels 30-06-2016 T\u00e9l\u00e9charger en PDF Etats financiers annuels 31-12-2016 T\u00e9l\u00e9charger en PDF Etats financiers semestriels 30-06-2017 T\u00e9l\u00e9charger en<\/p>\n","protected":false},"author":1,"featured_media":0,"parent":0,"menu_order":0,"comment_status":"closed","ping_status":"closed","template":"","meta":{"cybocfi_hide_featured_image":""},"_links":{"self":[{"href":"https:\/\/www.unimed.com.tn\/wp-json\/wp\/v2\/pages\/1909"}],"collection":[{"href":"https:\/\/www.unimed.com.tn\/wp-json\/wp\/v2\/pages"}],"about":[{"href":"https:\/\/www.unimed.com.tn\/wp-json\/wp\/v2\/types\/page"}],"author":[{"embeddable":true,"href":"https:\/\/www.unimed.com.tn\/wp-json\/wp\/v2\/users\/1"}],"replies":[{"embeddable":true,"href":"https:\/\/www.unimed.com.tn\/wp-json\/wp\/v2\/comments?post=1909"}],"version-history":[{"count":21,"href":"https:\/\/www.unimed.com.tn\/wp-json\/wp\/v2\/pages\/1909\/revisions"}],"predecessor-version":[{"id":2326,"href":"https:\/\/www.unimed.com.tn\/wp-json\/wp\/v2\/pages\/1909\/revisions\/2326"}],"wp:attachment":[{"href":"https:\/\/www.unimed.com.tn\/wp-json\/wp\/v2\/media?parent=1909"}],"curies":[{"name":"wp","href":"https:\/\/api.w.org\/{rel}","templated":true}]}}