{"id":1590,"date":"2014-10-28T13:57:10","date_gmt":"2014-10-28T12:57:10","guid":{"rendered":"http:\/\/www.unimed.com.tn\/?page_id=1590"},"modified":"2022-02-01T22:08:22","modified_gmt":"2022-02-01T21:08:22","slug":"direction-marketing","status":"publish","type":"page","link":"https:\/\/www.unimed.com.tn\/divers\/direction-marketing\/","title":{"rendered":"Direction Marketing"},"content":{"rendered":"<p>[vc_row][vc_column width=&#8221;1\/4&#8243; css=&#8221;.vc_custom_1643749700253{padding-right: 0px !important;}&#8221; offset=&#8221;vc_hidden-md vc_hidden-sm vc_hidden-xs&#8221;][vc_single_image image=&#8221;5390&#8243; img_size=&#8221;large&#8221;][\/vc_column][vc_column width=&#8221;3\/4&#8243; css=&#8221;.vc_custom_1643713449805{padding-left: 0px !important;}&#8221; offset=&#8221;vc_col-md-9 vc_col-sm-offset-0&#8243;][vc_gmaps link=&#8221;#E-8_JTNDaWZyYW1lJTIwc3JjJTNEJTIyaHR0cHMlM0ElMkYlMkZ3d3cuZ29vZ2xlLmNvbSUyRm1hcHMlMkZlbWJlZCUzRnBiJTNEJTIxMW0yMyUyMTFtMTIlMjExbTMlMjExZDEyNzY5LjE5OTkxMzIzMjM2NyUyMTJkMTAuMjk1NzQ0MTYyODI0MzExJTIxM2QzNi44NTkyMzc5MTMwNzE0NSUyMTJtMyUyMTFmMCUyMTJmMCUyMTNmMCUyMTNtMiUyMTFpMTAyNCUyMTJpNzY4JTIxNGYxMy4xJTIxNG04JTIxM2U2JTIxNG0wJTIxNG01JTIxMXMweDEyZTJiNTFjYzgzNmEzMjklMjUzQTB4YmE0YjA3NmIzODFjNGI5NiUyMTJzVjg1MiUyNTJCNjIyJTI1MjBMYSUyNTIwUGVyYyUyNUMzJTI1QTllJTI1MjBWZXJ0ZSUyNTJDJTI1MjBUdW5pc2llJTIxM20yJTIxMWQzNi44NTgwMTg1JTIxMmQxMC4zMDAwMDY4JTIxNWUwJTIxM20yJTIxMXNmciUyMTJzdXMlMjE0djE2NDM3MTA2ODM5ODUlMjE1bTIlMjExc2ZyJTIxMnN1cyUyMiUyMHdpZHRoJTNEJTIyNjAwJTIyJTIwaGVpZ2h0JTNEJTIyNDUwJTIyJTIwc3R5bGUlM0QlMjJib3JkZXIlM0EwJTNCJTIyJTIwYWxsb3dmdWxsc2NyZWVuJTNEJTIyJTIyJTIwbG9hZGluZyUzRCUyMmxhenklMjIlM0UlM0MlMkZpZnJhbWUlM0U=&#8221;][\/vc_column][\/vc_row][vc_row][vc_column][vc_column_text]<!--:fr--><\/p>\n<div class=\"contact_style1_info\">\n<h2 style=\"text-align: center;\">T\u00e9l : (+ 216) 22 091 146<br \/>\nT\u00e9l : (+ 216) 22 091 133<\/h2>\n<p style=\"text-align: center;\">3\u00e9me \u00e9tage Immeuble La Perc\u00e9e Verte \u00b7 Jardins de Carthage<\/p>\n<p style=\"text-align: center;\">1090 Carthage, Tunis<\/p>\n<\/div>\n<p>[\/vc_column_text][\/vc_column][\/vc_row][vc_row][vc_column width=&#8221;1\/2&#8243;]<div class=\"wpforms-container wpforms-container-full\" id=\"wpforms-2454\"><form id=\"wpforms-form-2454\" class=\"wpforms-validate wpforms-form\" data-formid=\"2454\" method=\"post\" enctype=\"multipart\/form-data\" action=\"\/fr\/wp-json\/wp\/v2\/pages\/1590\" data-token=\"bd3be454db56920c9f61800268bb774b\"><noscript class=\"wpforms-error-noscript\">Veuillez activer JavaScript dans votre navigateur pour remplir ce formulaire.<\/noscript><div class=\"wpforms-field-container\"><div id=\"wpforms-2454-field_0-container\" class=\"wpforms-field wpforms-field-name\" data-field-id=\"0\"><label class=\"wpforms-field-label\" for=\"wpforms-2454-field_0\">Nom <span class=\"wpforms-required-label\">*<\/span><\/label><input type=\"text\" id=\"wpforms-2454-field_0\" class=\"wpforms-field-medium wpforms-field-required\" name=\"wpforms[fields][0]\" required><\/div><div id=\"wpforms-2454-field_3-container\" class=\"wpforms-field wpforms-field-name\" data-field-id=\"3\"><label class=\"wpforms-field-label\" for=\"wpforms-2454-field_3\">Nom de l&#039;entreprise <span class=\"wpforms-required-label\">*<\/span><\/label><input type=\"text\" id=\"wpforms-2454-field_3\" class=\"wpforms-field-medium wpforms-field-required\" name=\"wpforms[fields][3]\" required><\/div><div id=\"wpforms-2454-field_1-container\" class=\"wpforms-field wpforms-field-email\" data-field-id=\"1\"><label class=\"wpforms-field-label\" for=\"wpforms-2454-field_1\">E-mail <span class=\"wpforms-required-label\">*<\/span><\/label><input type=\"email\" id=\"wpforms-2454-field_1\" class=\"wpforms-field-medium wpforms-field-required\" name=\"wpforms[fields][1]\" required><\/div><div id=\"wpforms-2454-field_2-container\" class=\"wpforms-field wpforms-field-textarea\" data-field-id=\"2\"><label class=\"wpforms-field-label\" for=\"wpforms-2454-field_2\">Message <span class=\"wpforms-required-label\">*<\/span><\/label><textarea id=\"wpforms-2454-field_2\" class=\"wpforms-field-medium wpforms-field-required\" name=\"wpforms[fields][2]\" required><\/textarea><\/div><\/div><div class=\"wpforms-submit-container\" ><input type=\"hidden\" name=\"wpforms[id]\" value=\"2454\"><input type=\"hidden\" name=\"wpforms[author]\" value=\"1\"><button type=\"submit\" name=\"wpforms[submit]\" class=\"wpforms-submit \" id=\"wpforms-submit-2454\" value=\"wpforms-submit\" aria-live=\"assertive\" data-alt-text=\"Envoi...\" data-submit-text=\"Envoyer\">Envoyer<\/button><\/div><\/form><\/div>  <!-- .wpforms-container -->[\/vc_column][vc_column width=&#8221;1\/2&#8243;][\/vc_column][\/vc_row]<\/p>\n","protected":false},"excerpt":{"rendered":"<p>[vc_row][vc_column width=&#8221;1\/4&#8243; css=&#8221;.vc_custom_1643749700253{padding-right: 0px !important;}&#8221; offset=&#8221;vc_hidden-md vc_hidden-sm vc_hidden-xs&#8221;][vc_single_image image=&#8221;5390&#8243; img_size=&#8221;large&#8221;][\/vc_column][vc_column width=&#8221;3\/4&#8243; css=&#8221;.vc_custom_1643713449805{padding-left: 0px !important;}&#8221; offset=&#8221;vc_col-md-9 vc_col-sm-offset-0&#8243;][vc_gmaps link=&#8221;#E-8_JTNDaWZyYW1lJTIwc3JjJTNEJTIyaHR0cHMlM0ElMkYlMkZ3d3cuZ29vZ2xlLmNvbSUyRm1hcHMlMkZlbWJlZCUzRnBiJTNEJTIxMW0yMyUyMTFtMTIlMjExbTMlMjExZDEyNzY5LjE5OTkxMzIzMjM2NyUyMTJkMTAuMjk1NzQ0MTYyODI0MzExJTIxM2QzNi44NTkyMzc5MTMwNzE0NSUyMTJtMyUyMTFmMCUyMTJmMCUyMTNmMCUyMTNtMiUyMTFpMTAyNCUyMTJpNzY4JTIxNGYxMy4xJTIxNG04JTIxM2U2JTIxNG0wJTIxNG01JTIxMXMweDEyZTJiNTFjYzgzNmEzMjklMjUzQTB4YmE0YjA3NmIzODFjNGI5NiUyMTJzVjg1MiUyNTJCNjIyJTI1MjBMYSUyNTIwUGVyYyUyNUMzJTI1QTllJTI1MjBWZXJ0ZSUyNTJDJTI1MjBUdW5pc2llJTIxM20yJTIxMWQzNi44NTgwMTg1JTIxMmQxMC4zMDAwMDY4JTIxNWUwJTIxM20yJTIxMXNmciUyMTJzdXMlMjE0djE2NDM3MTA2ODM5ODUlMjE1bTIlMjExc2ZyJTIxMnN1cyUyMiUyMHdpZHRoJTNEJTIyNjAwJTIyJTIwaGVpZ2h0JTNEJTIyNDUwJTIyJTIwc3R5bGUlM0QlMjJib3JkZXIlM0EwJTNCJTIyJTIwYWxsb3dmdWxsc2NyZWVuJTNEJTIyJTIyJTIwbG9hZGluZyUzRCUyMmxhenklMjIlM0UlM0MlMkZpZnJhbWUlM0U=&#8221;][\/vc_column][\/vc_row][vc_row][vc_column][vc_column_text] T\u00e9l : (+ 216) 22 091 146 T\u00e9l : (+ 216) 22 091<\/p>\n","protected":false},"author":1,"featured_media":0,"parent":480,"menu_order":0,"comment_status":"closed","ping_status":"open","template":"","meta":{"cybocfi_hide_featured_image":""},"_links":{"self":[{"href":"https:\/\/www.unimed.com.tn\/wp-json\/wp\/v2\/pages\/1590"}],"collection":[{"href":"https:\/\/www.unimed.com.tn\/wp-json\/wp\/v2\/pages"}],"about":[{"href":"https:\/\/www.unimed.com.tn\/wp-json\/wp\/v2\/types\/page"}],"author":[{"embeddable":true,"href":"https:\/\/www.unimed.com.tn\/wp-json\/wp\/v2\/users\/1"}],"replies":[{"embeddable":true,"href":"https:\/\/www.unimed.com.tn\/wp-json\/wp\/v2\/comments?post=1590"}],"version-history":[{"count":62,"href":"https:\/\/www.unimed.com.tn\/wp-json\/wp\/v2\/pages\/1590\/revisions"}],"predecessor-version":[{"id":5471,"href":"https:\/\/www.unimed.com.tn\/wp-json\/wp\/v2\/pages\/1590\/revisions\/5471"}],"up":[{"embeddable":true,"href":"https:\/\/www.unimed.com.tn\/wp-json\/wp\/v2\/pages\/480"}],"wp:attachment":[{"href":"https:\/\/www.unimed.com.tn\/wp-json\/wp\/v2\/media?parent=1590"}],"curies":[{"name":"wp","href":"https:\/\/api.w.org\/{rel}","templated":true}]}}