{"id":1361,"date":"2014-10-09T15:52:10","date_gmt":"2014-10-09T14:52:10","guid":{"rendered":"http:\/\/www.unimed.com.tn\/?page_id=1361"},"modified":"2022-01-25T12:36:15","modified_gmt":"2022-01-25T11:36:15","slug":"unimed-dans-le-mond","status":"publish","type":"page","link":"https:\/\/www.unimed.com.tn\/unimed-dans-le-mond\/","title":{"rendered":"Unimed dans le monde"},"content":{"rendered":"\n\t\t\t<!-- START Monde REVOLUTION SLIDER 6.3.9 --><p class=\"rs-p-wp-fix\"><\/p>\n\t\t\t<rs-module-wrap id=\"rev_slider_16_1_wrapper\" data-source=\"gallery\" style=\"background:#ffffff;padding:0;margin:0px auto;margin-top:0;margin-bottom:0;\">\n\t\t\t\t<rs-module id=\"rev_slider_16_1\" style=\"\" data-version=\"6.3.9\">\n\t\t\t\t\t<rs-slides>\n\t\t\t\t\t\t<rs-slide data-key=\"rs-46\" data-title=\"Slide\" data-anim=\"ei:d;eo:d;s:1000;r:0;t:fade;sl:0;\">\n\t\t\t\t\t\t\t<img src=\"\/\/www.unimed.com.tn\/wp-content\/uploads\/2021\/04\/ban_exportt.jpg\" title=\"ban_exportt\" width=\"1240\" height=\"150\" data-bg=\"p:right center;\" class=\"rev-slidebg\" data-no-retina>\n<!--\n\t\t\t\t\t\t\t--><rs-layer\n\t\t\t\t\t\t\t\tid=\"slider-16-slide-46-layer-0\" \n\t\t\t\t\t\t\t\tdata-type=\"text\"\n\t\t\t\t\t\t\t\tdata-rsp_ch=\"on\"\n\t\t\t\t\t\t\t\tdata-xy=\"xo:35px,28px,28px,28px;yo:31px,25px,25px,25px;\"\n\t\t\t\t\t\t\t\tdata-text=\"w:normal;s:65,53,53,53;l:72,59,59,59;ls:-4,-3,-3,-3;fw:100;\"\n\t\t\t\t\t\t\t\tdata-dim=\"minh:0,none,0,0;\"\n\t\t\t\t\t\t\t\tdata-frame_1=\"st:2060;sR:2060;\"\n\t\t\t\t\t\t\t\tdata-frame_999=\"o:0;st:w;sR:6640;\"\n\t\t\t\t\t\t\t\tstyle=\"z-index:9;font-family:Montserrat;\"\n\t\t\t\t\t\t\t>UNIMED in the world<br \/>\n \n\t\t\t\t\t\t\t<\/rs-layer><!--\n-->\t\t\t\t\t\t<\/rs-slide>\n\t\t\t\t\t<\/rs-slides>\n\t\t\t\t<\/rs-module>\n\t\t\t\t<script type=\"text\/javascript\">\n\t\t\t\t\tsetREVStartSize({c: 'rev_slider_16_1',rl:[1240,1024,1024,1024],el:[150,768,768,768],gw:[1240,1024,1024,1024],gh:[150,148,148,148],type:'standard',justify:'',layout:'fullwidth',mh:\"0\"});\n\t\t\t\t\tvar\trevapi16,\n\t\t\t\t\t\ttpj;\n\t\t\t\t\tfunction revinit_revslider161() {\n\t\t\t\t\tjQuery(function() {\n\t\t\t\t\t\ttpj = jQuery;\n\t\t\t\t\t\trevapi16 = tpj(\"#rev_slider_16_1\");\n\t\t\t\t\t\tif(revapi16==undefined || revapi16.revolution == undefined){\n\t\t\t\t\t\t\trevslider_showDoubleJqueryError(\"rev_slider_16_1\");\n\t\t\t\t\t\t}else{\n\t\t\t\t\t\t\trevapi16.revolution({\n\t\t\t\t\t\t\t\tsliderLayout:\"fullwidth\",\n\t\t\t\t\t\t\t\tvisibilityLevels:\"1240,1024,1024,1024\",\n\t\t\t\t\t\t\t\tgridwidth:\"1240,1024,1024,1024\",\n\t\t\t\t\t\t\t\tgridheight:\"150,148,148,148\",\n\t\t\t\t\t\t\t\tperspective:600,\n\t\t\t\t\t\t\t\tperspectiveType:\"global\",\n\t\t\t\t\t\t\t\teditorheight:\"150,768,960,720\",\n\t\t\t\t\t\t\t\tresponsiveLevels:\"1240,1024,1024,1024\",\n\t\t\t\t\t\t\t\tprogressBar:{disableProgressBar:true},\n\t\t\t\t\t\t\t\tnavigation: {\n\t\t\t\t\t\t\t\t\tonHoverStop:false\n\t\t\t\t\t\t\t\t},\n\t\t\t\t\t\t\t\tfallbacks: {\n\t\t\t\t\t\t\t\t\tallowHTML5AutoPlayOnAndroid:true\n\t\t\t\t\t\t\t\t},\n\t\t\t\t\t\t\t});\n\t\t\t\t\t\t}\n\t\t\t\t\t\t\n\t\t\t\t\t});\n\t\t\t\t\t} \/\/ End of RevInitScript\n\t\t\t\tvar once_revslider161 = false;\n\t\t\t\tif (document.readyState === \"loading\") {document.addEventListener('readystatechange',function() { if((document.readyState === \"interactive\" || document.readyState === \"complete\") && !once_revslider161 ) { once_revslider161 = true; revinit_revslider161();}});} else {once_revslider161 = true; revinit_revslider161();}\n\t\t\t\t<\/script>\n\t\t\t<\/rs-module-wrap>\n\t\t\t<!-- END REVOLUTION SLIDER -->\n\n\n\n\n<section id=\"section-c2f465e9-8690-4039-a50c-5b00df74d214\" class=\"wp-block-gutentor-divider section-c2f465e9-8690-4039-a50c-5b00df74d214 gutentor-element gutentor-section gutentor-divider text-center\"><div class=\"grid-container\"><div class=\"gutentor-divider-box\"><span><svg xmlns=\"http:\/\/www.w3.org\/2000\/svg\" viewBox=\"0 0 240 40\" preserveAspectRatio=\"none\"><path d=\"M56.2 20c5.3-.1 10.6-.2 16-.3l16-.2c10.6-.1 21.3-.1 31.9-.2 10.6.1 21.3 0 31.9.1l16 .2c5.3.1 10.6.2 16 .3-5.3.1-10.6.2-16 .3l-16 .2c-10.6.1-21.3.1-31.9.1-10.6-.1-21.3 0-31.9-.2l-16-.2c-5.4.1-10.7 0-16-.1z\"><\/path><\/svg><\/span><\/div><\/div><\/section>\n\n\n<p style=\"text-align: center;\"><strong>UNIMED<\/strong> s\u00e9duit des groupes pharmaceutiques de premier plan dans le domaine du d\u00e9veloppement gal\u00e9nique et la sous traitance pharmaceutique.<\/p>\n<p style=\"text-align: center;\"><strong>UNIMED<\/strong> dispose d&#8217;une pr\u00e9sence internationale dans diff\u00e9rents continents (Afrique, Asie, Europe,&#8230;), o\u00f9 il s&#8217;appuie sur des structures et des comp\u00e9tences scientifiques et commerciales actives.<br \/><div class=\"map_wrapper\" id=\"map_wrapper_2444\">\n\t\t\t\t<div class=\"map_box\" style=\"max-width:2200px\">\n\t\t\t\t\t\n\t\t\t\t\t<div class=\"map_aspect_ratio\" style=\"padding-top:56%\">\n\t\t\t\t\t\t<div class=\"map_container\">\n\t\t\t\t\t\t\t<div class=\"map_render map_loading\" id=\"map_2444\"><\/div>\n\t\t\t\t\t\t<\/div>\n\t\t\t\t\t<\/div>\n\t\t\t\t<\/div>\n\t\t\t<\/div>","protected":false},"excerpt":{"rendered":"<p>UNIMED s\u00e9duit des groupes pharmaceutiques de premier plan dans le domaine du d\u00e9veloppement gal\u00e9nique et la sous traitance pharmaceutique. UNIMED dispose d&#8217;une pr\u00e9sence internationale dans diff\u00e9rents continents (Afrique, Asie, Europe,&#8230;),<\/p>\n","protected":false},"author":1,"featured_media":0,"parent":0,"menu_order":0,"comment_status":"closed","ping_status":"open","template":"","meta":{"cybocfi_hide_featured_image":""},"_links":{"self":[{"href":"https:\/\/www.unimed.com.tn\/wp-json\/wp\/v2\/pages\/1361"}],"collection":[{"href":"https:\/\/www.unimed.com.tn\/wp-json\/wp\/v2\/pages"}],"about":[{"href":"https:\/\/www.unimed.com.tn\/wp-json\/wp\/v2\/types\/page"}],"author":[{"embeddable":true,"href":"https:\/\/www.unimed.com.tn\/wp-json\/wp\/v2\/users\/1"}],"replies":[{"embeddable":true,"href":"https:\/\/www.unimed.com.tn\/wp-json\/wp\/v2\/comments?post=1361"}],"version-history":[{"count":64,"href":"https:\/\/www.unimed.com.tn\/wp-json\/wp\/v2\/pages\/1361\/revisions"}],"predecessor-version":[{"id":5236,"href":"https:\/\/www.unimed.com.tn\/wp-json\/wp\/v2\/pages\/1361\/revisions\/5236"}],"wp:attachment":[{"href":"https:\/\/www.unimed.com.tn\/wp-json\/wp\/v2\/media?parent=1361"}],"curies":[{"name":"wp","href":"https:\/\/api.w.org\/{rel}","templated":true}]}}