{"id":1081,"date":"2014-07-24T14:25:16","date_gmt":"2014-07-24T13:25:16","guid":{"rendered":"http:\/\/www.unimed.com.tn\/?page_id=1081"},"modified":"2022-02-01T14:47:50","modified_gmt":"2022-02-01T13:47:50","slug":"liens-utiles","status":"publish","type":"page","link":"https:\/\/www.unimed.com.tn\/divers\/liens-utiles\/","title":{"rendered":"Liens utiles"},"content":{"rendered":"\n<section id=\"section-68ab1766-0212-4e87-8ca6-3b25cf4e463d\" class=\"wp-block-gutentor-image-box gutentor-section gutentor-image-wrapper imagebox-template1\"><div class=\"grid-container\"><div class=\"gutentor-block-header\"><div class=\"gutentor-section-title text-center\"><h2 class=\"gutentor-title\"><\/h2><\/div><\/div><div class=\"grid-row gutentor-grid-item-wrap\"><div class=\"gutentor-grid-column grid-lg-4 grid-md-4 grid-12\"><div class=\"gutentor-single-item gutentor-image gutentor-single-item-0\"><div class=\"gutentor-single-item-wrap\"><div class=\"gutentor-single-item-image-box\"><a class=\"gutentor-single-item-image-link\" href=\"http:\/\/www.dpm.tn\/\" target=\"_blank\" rel=\"noopener noreferrer\"><div class=\"gutentor-image-thumb\"><img class=\"normal-image\" src=\"http:\/\/www.unimed.com.tn\/wp-content\/uploads\/2022\/02\/www.dpm_.tn_.png\" alt=\"\"\/><\/div><\/a><\/div><div class=\"gutentor-single-item-content\"><a class=\"gutentor-single-item-title-link\" href=\"http:\/\/www.dpm.tn\/\" target=\"_blank\" rel=\"noopener noreferrer\"><h5 class=\"gutentor-single-item-title\">Direction de la Pharmacie et du M\u00e9dicament<\/h5><\/a><\/div><\/div><\/div><\/div><div class=\"gutentor-grid-column grid-lg-4 grid-md-4 grid-12\"><div class=\"gutentor-single-item gutentor-image gutentor-single-item-1\"><div class=\"gutentor-single-item-wrap\"><div class=\"gutentor-single-item-image-box\"><a class=\"gutentor-single-item-image-link\" href=\"http:\/\/www.ordre-medecins.org.tn\/\" target=\"_blank\" rel=\"noopener noreferrer\"><div class=\"gutentor-image-thumb\"><img class=\"normal-image\" src=\"http:\/\/www.unimed.com.tn\/wp-content\/uploads\/2022\/02\/www.ordre-medecins.org_.tn_.png\" alt=\"\"\/><\/div><\/a><\/div><div class=\"gutentor-single-item-content\"><a class=\"gutentor-single-item-title-link\" href=\"http:\/\/www.ordre-medecins.org.tn\/\" target=\"_blank\" rel=\"noopener noreferrer\"><h5 class=\"gutentor-single-item-title\">Conseil National de l\u2019Ordre des M\u00e9decins<\/h5><\/a><\/div><\/div><\/div><\/div><div class=\"gutentor-grid-column grid-lg-4 grid-md-4 grid-12\"><div class=\"gutentor-single-item gutentor-image gutentor-single-item-2\"><div class=\"gutentor-single-item-wrap\"><div class=\"gutentor-single-item-image-box\"><a class=\"gutentor-single-item-image-link\" href=\"http:\/\/www.santetunisie.rns.tn\/ar\/\" target=\"_blank\" rel=\"noopener noreferrer\"><div class=\"gutentor-image-thumb\"><img class=\"normal-image\" src=\"http:\/\/www.unimed.com.tn\/wp-content\/uploads\/2022\/02\/www.santetunisie.rns_.tn_.png\" alt=\"\"\/><\/div><\/a><\/div><div class=\"gutentor-single-item-content\"><a class=\"gutentor-single-item-title-link\" href=\"http:\/\/www.santetunisie.rns.tn\/ar\/\" target=\"_blank\" rel=\"noopener noreferrer\"><h5 class=\"gutentor-single-item-title\">Minist\u00e8re de la Sant\u00e9 Publique<\/h5><\/a><\/div><\/div><\/div><\/div><\/div><\/div><\/section>\n\n\n\n<p><\/p>\n\n\n<p><!--:fr--><\/p>\n<div class=\"lien\">\n<\/div>","protected":false},"excerpt":{"rendered":"Direction de la Pharmacie et du M\u00e9dicamentConseil National de l\u2019Ordre des M\u00e9decinsMinist\u00e8re de la Sant\u00e9 Publique","protected":false},"author":1,"featured_media":0,"parent":480,"menu_order":0,"comment_status":"closed","ping_status":"open","template":"","meta":{"cybocfi_hide_featured_image":""},"_links":{"self":[{"href":"https:\/\/www.unimed.com.tn\/wp-json\/wp\/v2\/pages\/1081"}],"collection":[{"href":"https:\/\/www.unimed.com.tn\/wp-json\/wp\/v2\/pages"}],"about":[{"href":"https:\/\/www.unimed.com.tn\/wp-json\/wp\/v2\/types\/page"}],"author":[{"embeddable":true,"href":"https:\/\/www.unimed.com.tn\/wp-json\/wp\/v2\/users\/1"}],"replies":[{"embeddable":true,"href":"https:\/\/www.unimed.com.tn\/wp-json\/wp\/v2\/comments?post=1081"}],"version-history":[{"count":41,"href":"https:\/\/www.unimed.com.tn\/wp-json\/wp\/v2\/pages\/1081\/revisions"}],"predecessor-version":[{"id":5423,"href":"https:\/\/www.unimed.com.tn\/wp-json\/wp\/v2\/pages\/1081\/revisions\/5423"}],"up":[{"embeddable":true,"href":"https:\/\/www.unimed.com.tn\/wp-json\/wp\/v2\/pages\/480"}],"wp:attachment":[{"href":"https:\/\/www.unimed.com.tn\/wp-json\/wp\/v2\/media?parent=1081"}],"curies":[{"name":"wp","href":"https:\/\/api.w.org\/{rel}","templated":true}]}}