{"id":1013,"date":"2014-07-24T10:40:35","date_gmt":"2014-07-24T09:40:35","guid":{"rendered":"http:\/\/www.unimed.com.tn\/?page_id=1013"},"modified":"2021-03-04T18:59:24","modified_gmt":"2021-03-04T17:59:24","slug":"tunisie-les-meilleures-entreprises-pharmaceutiques-exportatrices-primees","status":"publish","type":"page","link":"https:\/\/www.unimed.com.tn\/divers\/tunisie-les-meilleures-entreprises-pharmaceutiques-exportatrices-primees\/","title":{"rendered":"Les meilleures entreprises pharmaceutiques"},"content":{"rendered":"<p>[vc_row][vc_column][vc_column_text]<!--:fr--><\/p>\n<h2>Tunisie &#8211; Les meilleures entreprises pharmaceutiques exportatrices prim\u00e9es<\/h2>\n<p>[\/vc_column_text][vc_single_image image=&#8221;1014&#8243; img_size=&#8221;&#8221; alignment=&#8221;center&#8221; onclick=&#8221;link_image&#8221;][vc_column_text]En marge du forum international de R\u00e9alit\u00e9s.&#8221;La couverture sanitaire au Maghreb : d\u00e9fis et opportunit\u00e9s&#8221;, qui s\u2019est tenu les 28 et 29 janvier 2010 \u00e0 l\u2019h\u00f4tel Alhambra-Thalasso, \u00e0 Yasmine Hammamet, les meilleures soci\u00e9t\u00e9s pharmaceutiques exportatrices ont \u00e9t\u00e9 prim\u00e9es, en pr\u00e9sence de Mondher Zenaidi, ministre de la Sant\u00e9 publique.<\/p>\n<p>Ces entreprises misent sur l\u2019exportation. D\u2019ailleurs, \u00abla plupart des capitaines de l\u2019industrie l\u2019ont bien compris et l\u2019ont int\u00e9gr\u00e9 dans leur strat\u00e9gie\u00bb, explique Ta\u00efeb Zahar, directeur des magazines R\u00e9alit\u00e9s et Haqa\u00efq.<br \/>\nM. Zahar a indiqu\u00e9 que le jury a \u00e9t\u00e9 constitu\u00e9 en collaboration avec le minist\u00e8re de la Sant\u00e9 publique le CEPEX, l\u2019institut national des statistiques et les industriels du m\u00e9dicament. Ce jury a \u00e9t\u00e9 pr\u00e9sid\u00e9 par Kamel Iddir.<\/p>\n<p>La comp\u00e9tition en globe trois cat\u00e9gories. Les Laboratoires Saiph ont remport\u00e9 le titre de la meilleure entreprise tunisienne exportatrice de produits pharmaceutiques, avec un chiffre d\u2019affaire de7.860 milles dinars en 2009.<br \/>\nLe prix de l\u2019entreprise tunisienne qui a r\u00e9alis\u00e9 la plus grande progression de ses exportations au cours des trois derni\u00e8res ann\u00e9es a \u00e9t\u00e9 accord\u00e9 \u00e0 Unimed, gr\u00e2ce \u00e0 sa progression de 107% et un chiffre d\u2019affaire de 7.344 milles dinars.<br \/>\nLe prix de l\u2019entreprise qui exporte vers le plus grand nombre de pays a \u00e9t\u00e9 remis \u00e0 M\u00e9dis qui collabore avec 11 pays.[\/vc_column_text][\/vc_column][\/vc_row]<\/p>\n","protected":false},"excerpt":{"rendered":"<p>[vc_row][vc_column][vc_column_text] Tunisie &#8211; Les meilleures entreprises pharmaceutiques exportatrices prim\u00e9es [\/vc_column_text][vc_single_image image=&#8221;1014&#8243; img_size=&#8221;&#8221; alignment=&#8221;center&#8221; onclick=&#8221;link_image&#8221;][vc_column_text]En marge du forum international de R\u00e9alit\u00e9s.&#8221;La couverture sanitaire au Maghreb : d\u00e9fis et opportunit\u00e9s&#8221;, qui s\u2019est<\/p>\n","protected":false},"author":1,"featured_media":0,"parent":480,"menu_order":0,"comment_status":"closed","ping_status":"open","template":"","meta":{"cybocfi_hide_featured_image":""},"_links":{"self":[{"href":"https:\/\/www.unimed.com.tn\/wp-json\/wp\/v2\/pages\/1013"}],"collection":[{"href":"https:\/\/www.unimed.com.tn\/wp-json\/wp\/v2\/pages"}],"about":[{"href":"https:\/\/www.unimed.com.tn\/wp-json\/wp\/v2\/types\/page"}],"author":[{"embeddable":true,"href":"https:\/\/www.unimed.com.tn\/wp-json\/wp\/v2\/users\/1"}],"replies":[{"embeddable":true,"href":"https:\/\/www.unimed.com.tn\/wp-json\/wp\/v2\/comments?post=1013"}],"version-history":[{"count":21,"href":"https:\/\/www.unimed.com.tn\/wp-json\/wp\/v2\/pages\/1013\/revisions"}],"predecessor-version":[{"id":2504,"href":"https:\/\/www.unimed.com.tn\/wp-json\/wp\/v2\/pages\/1013\/revisions\/2504"}],"up":[{"embeddable":true,"href":"https:\/\/www.unimed.com.tn\/wp-json\/wp\/v2\/pages\/480"}],"wp:attachment":[{"href":"https:\/\/www.unimed.com.tn\/wp-json\/wp\/v2\/media?parent=1013"}],"curies":[{"name":"wp","href":"https:\/\/api.w.org\/{rel}","templated":true}]}}