{"id":5092,"date":"2021-06-23T10:15:40","date_gmt":"2021-06-23T09:15:40","guid":{"rendered":"http:\/\/www.unimed.com.tn\/fr\/?page_id=5092"},"modified":"2022-01-27T00:12:56","modified_gmt":"2022-01-26T23:12:56","slug":"les-laboratoires-unimed-obtiennent-le-statut-doperateur-economique-agree-par-la-douane-tunisienne","status":"publish","type":"page","link":"https:\/\/www.unimed.com.tn\/les-laboratoires-unimed-obtiennent-le-statut-doperateur-economique-agree-par-la-douane-tunisienne\/","title":{"rendered":"Unimed laboratories obtain the status of economic operator approved by Tunisian customs"},"content":{"rendered":"\r\n<div id=\"section-g1a2c3d\" class=\"wp-block-gutentor-e6 section-g1a2c3d gutentor-element gutentor-element-image wow fadeIn gutentor-enabled-width text-align-center-desktop\" data-wow-animation=\"fadeIn\" data-wow-delay=\"\" data-wow-speed=\"\" data-wow-iteration=\"\"><div class=\"gutentor-element-image-box\"><div class=\"gutentor-image-thumb\"><img loading=\"lazy\" class=\"normal-image\" src=\"http:\/\/www.unimed.com.tn\/wp-content\/uploads\/2021\/06\/IMG_20210617_102403-scaled.jpg\" width=\"2560\" height=\"1984\"><\/div><\/div><\/div>\r\n\r\n\r\n\r\n<p>Unimed Laboratories has obtained the status of authorized economic operator granted to any company established in Tunisia carrying out an activity in connection with foreign trade having the confidence of the customs administration and fulfilling the conditions requested during the three years preceding the date of submission of the application.<\/p>\r\n\r\n\r\n\r\n<p>An agreement was signedbetween UNIMED and the Directorate General of Customs during a ceremony organized on Tuesday, June 15, 2021 by the Ministry of Finance in partnership with the Directorate General of Customs.<\/p>\r\n\r\n\r\n\r\n<p>The certificate of authorized economic operator &#8220;AEO&#8221; was received by the Chairman and CEO of Unimed Laboratories, Dr. Ridha Charfeddine, and his wife Mrs. Jihen Charfeddine, director of the monitoring and control unit of the company in the presence of the director of projects of the company Mr. Mohamed Ali Akkari, and the head of logistics department Mr. WassimGarma.<\/p>\r\n\r\n\r\n\r\n<p>Thank you to all those who contributed to this achievement, which reflects the value of the efforts made to achieve a single goal, the success of Unimed Laboratories, which is the success of each of its employees.<\/p>\r\n\r\n\r\n\t\t\t<style>\n                #foogallery-gallery-5121.fg-masonry .fg-item {\n                    width: 250px;\n                    margin-right: 10px;\n                    margin-bottom: 10px;\n                }\n\t\t\t<\/style>\n\t\t\t<div class=\"foogallery foogallery-container foogallery-masonry foogallery-lightbox-foobox fg-center fg-masonry fg-dark fg-border-thin fg-shadow-small fg-loading-default fg-loaded-fade-in fg-captions-bottom fg-hover-fade fg-hover-plus fg-ready fg-fixed\" id=\"foogallery-gallery-5121\" data-foogallery=\"{&quot;item&quot;:{&quot;showCaptionTitle&quot;:true,&quot;showCaptionDescription&quot;:true},&quot;lazy&quot;:true,&quot;template&quot;:{&quot;columnWidth&quot;:250,&quot;gutter&quot;:10}}\" >\n\t\t<div class=\"fg-item fg-idle fg-type-image\"><figure class=\"fg-item-inner\"><a href=\"https:\/\/www.unimed.com.tn\/wp-content\/uploads\/2021\/06\/IMG_20210617_102403-scaled.jpg\" data-caption-title=\"Les laboratoires Unimed obtiennent le statut d&#039;op\u00e9rateur \u00e9conomique agr\u00e9\u00e9 par la douane Tunisienne\" data-caption-desc=\"Les laboratoires Unimed obtiennent le statut d&#039;op\u00e9rateur \u00e9conomique agr\u00e9\u00e9 par la douane Tunisienne\" data-attachment-id=\"5093\" class=\"fg-thumb\"><span class=\"fg-image-wrap\"><img title=\"Les laboratoires Unimed obtiennent le statut d&#039;op\u00e9rateur \u00e9conomique agr\u00e9\u00e9 par la douane Tunisienne\" width=\"250\" height=\"194\" class=\"skip-lazy fg-image\" data-src-fg=\"https:\/\/www.unimed.com.tn\/wp-content\/uploads\/cache\/2021\/06\/IMG_20210617_102403-scaled\/2609779309.jpg\" src=\"data:image\/svg+xml,%3Csvg%20xmlns=%22http%3A%2F%2Fwww.w3.org%2F2000%2Fsvg%22%20viewBox=%220%200%20250%20194%22%3E%3C\/svg%3E\" \/><\/span><span class=\"fg-image-overlay\"><\/span><\/a><figcaption class=\"fg-caption\"><div class=\"fg-caption-inner\"><div class=\"fg-caption-title\">Les laboratoires Unimed obtiennent le statut d'op\u00e9rateur \u00e9conomique agr\u00e9\u00e9 par la douane Tunisienne<\/div><div class=\"fg-caption-desc\">Les laboratoires Unimed obtiennent le statut d'op\u00e9rateur \u00e9conomique agr\u00e9\u00e9 par la douane Tunisienne<\/div><\/div><\/figcaption><\/figure><div class=\"fg-loader\"><\/div><\/div><div class=\"fg-item fg-idle fg-type-image\"><figure class=\"fg-item-inner\"><a href=\"https:\/\/www.unimed.com.tn\/wp-content\/uploads\/2021\/06\/202524308_3527466644145671_4002231114186166663_n.jpg\" data-caption-title=\"Les laboratoires Unimed obtiennent le statut d&#039;op\u00e9rateur \u00e9conomique agr\u00e9\u00e9 par la douane Tunisienne\" data-caption-desc=\"Les laboratoires Unimed obtiennent le statut d&#039;op\u00e9rateur \u00e9conomique agr\u00e9\u00e9 par la douane Tunisienne\" data-attachment-id=\"5094\" class=\"fg-thumb\"><span class=\"fg-image-wrap\"><img title=\"Les laboratoires Unimed obtiennent le statut d&#039;op\u00e9rateur \u00e9conomique agr\u00e9\u00e9 par la douane Tunisienne\" width=\"250\" height=\"127\" class=\"skip-lazy fg-image\" data-src-fg=\"https:\/\/www.unimed.com.tn\/wp-content\/uploads\/cache\/2021\/06\/202524308_3527466644145671_4002231114186166663_n\/1649159420.jpg\" src=\"data:image\/svg+xml,%3Csvg%20xmlns=%22http%3A%2F%2Fwww.w3.org%2F2000%2Fsvg%22%20viewBox=%220%200%20250%20127%22%3E%3C\/svg%3E\" \/><\/span><span class=\"fg-image-overlay\"><\/span><\/a><figcaption class=\"fg-caption\"><div class=\"fg-caption-inner\"><div class=\"fg-caption-title\">Les laboratoires Unimed obtiennent le statut d'op\u00e9rateur \u00e9conomique agr\u00e9\u00e9 par la douane Tunisienne<\/div><div class=\"fg-caption-desc\">Les laboratoires Unimed obtiennent le statut d'op\u00e9rateur \u00e9conomique agr\u00e9\u00e9 par la douane Tunisienne<\/div><\/div><\/figcaption><\/figure><div class=\"fg-loader\"><\/div><\/div><div class=\"fg-item fg-idle fg-type-image\"><figure class=\"fg-item-inner\"><a href=\"https:\/\/www.unimed.com.tn\/wp-content\/uploads\/2021\/06\/202140706_935271847046515_3354737897637435229_n.jpg\" data-caption-title=\"Les laboratoires Unimed obtiennent le statut d&#039;op\u00e9rateur \u00e9conomique agr\u00e9\u00e9 par la douane Tunisienne\" data-caption-desc=\"Les laboratoires Unimed obtiennent le statut d&#039;op\u00e9rateur \u00e9conomique agr\u00e9\u00e9 par la douane Tunisienne\" data-attachment-id=\"5096\" class=\"fg-thumb\"><span class=\"fg-image-wrap\"><img title=\"Les laboratoires Unimed obtiennent le statut d&#039;op\u00e9rateur \u00e9conomique agr\u00e9\u00e9 par la douane Tunisienne\" width=\"250\" height=\"188\" class=\"skip-lazy fg-image\" data-src-fg=\"https:\/\/www.unimed.com.tn\/wp-content\/uploads\/cache\/2021\/06\/202140706_935271847046515_3354737897637435229_n\/918631660.jpg\" src=\"data:image\/svg+xml,%3Csvg%20xmlns=%22http%3A%2F%2Fwww.w3.org%2F2000%2Fsvg%22%20viewBox=%220%200%20250%20188%22%3E%3C\/svg%3E\" \/><\/span><span class=\"fg-image-overlay\"><\/span><\/a><figcaption class=\"fg-caption\"><div class=\"fg-caption-inner\"><div class=\"fg-caption-title\">Les laboratoires Unimed obtiennent le statut d'op\u00e9rateur \u00e9conomique agr\u00e9\u00e9 par la douane Tunisienne<\/div><div class=\"fg-caption-desc\">Les laboratoires Unimed obtiennent le statut d'op\u00e9rateur \u00e9conomique agr\u00e9\u00e9 par la douane Tunisienne<\/div><\/div><\/figcaption><\/figure><div class=\"fg-loader\"><\/div><\/div><\/div>\n","protected":false},"excerpt":{"rendered":"<p>Unimed Laboratories has obtained the status of authorized economic operator granted to any company established in Tunisia carrying out an activity in connection with foreign trade having the confidence of<\/p>\n","protected":false},"author":1,"featured_media":5093,"parent":0,"menu_order":0,"comment_status":"closed","ping_status":"closed","template":"template-page-sidebar-left.php","meta":{"cybocfi_hide_featured_image":"yes"},"_links":{"self":[{"href":"https:\/\/www.unimed.com.tn\/wp-json\/wp\/v2\/pages\/5092"}],"collection":[{"href":"https:\/\/www.unimed.com.tn\/wp-json\/wp\/v2\/pages"}],"about":[{"href":"https:\/\/www.unimed.com.tn\/wp-json\/wp\/v2\/types\/page"}],"author":[{"embeddable":true,"href":"https:\/\/www.unimed.com.tn\/wp-json\/wp\/v2\/users\/1"}],"replies":[{"embeddable":true,"href":"https:\/\/www.unimed.com.tn\/wp-json\/wp\/v2\/comments?post=5092"}],"version-history":[{"count":12,"href":"https:\/\/www.unimed.com.tn\/wp-json\/wp\/v2\/pages\/5092\/revisions"}],"predecessor-version":[{"id":5259,"href":"https:\/\/www.unimed.com.tn\/wp-json\/wp\/v2\/pages\/5092\/revisions\/5259"}],"wp:featuredmedia":[{"embeddable":true,"href":"https:\/\/www.unimed.com.tn\/wp-json\/wp\/v2\/media\/5093"}],"wp:attachment":[{"href":"https:\/\/www.unimed.com.tn\/wp-json\/wp\/v2\/media?parent=5092"}],"curies":[{"name":"wp","href":"https:\/\/api.w.org\/{rel}","templated":true}]}}