{"id":5080,"date":"2021-06-21T12:09:06","date_gmt":"2021-06-21T11:09:06","guid":{"rendered":"http:\/\/www.unimed.com.tn\/fr\/?page_id=5080"},"modified":"2021-06-28T12:48:12","modified_gmt":"2021-06-28T11:48:12","slug":"journee-de-solidarite","status":"publish","type":"page","link":"https:\/\/www.unimed.com.tn\/portfolio-galerie\/journee-de-solidarite\/","title":{"rendered":"Journ\u00e9e de solidarit\u00e9"},"content":{"rendered":"\t\t\t<style>\n                #foogallery-gallery-4733.fg-masonry .fg-item {\n                    width: 250px;\n                    margin-right: 10px;\n                    margin-bottom: 10px;\n                }\n\t\t\t<\/style>\n\t\t\t<div class=\"foogallery foogallery-container foogallery-masonry foogallery-lightbox-foobox fg-center fg-masonry fg-dark fg-border-thin fg-shadow-small fg-loading-default fg-loaded-fade-in fg-captions-bottom fg-hover-fade fg-hover-plus fg-ready fg-fixed\" id=\"foogallery-gallery-4733\" data-foogallery=\"{&quot;item&quot;:{&quot;showCaptionTitle&quot;:true,&quot;showCaptionDescription&quot;:true},&quot;lazy&quot;:true,&quot;template&quot;:{&quot;columnWidth&quot;:250,&quot;gutter&quot;:10}}\" >\n\t\t<div class=\"fg-item fg-idle fg-type-image\"><figure class=\"fg-item-inner\"><a href=\"https:\/\/www.unimed.com.tn\/wp-content\/uploads\/2021\/06\/98331054_1739945056148595_3251164868681662464_n_1739945052815262.jpg\" data-caption-title=\"Les laboratoires Unimed Mobilis\u00e9es et solidaires\" data-caption-desc=\"Les laboratoires Unimed Mobilis\u00e9es et solidaires\" data-attachment-id=\"4734\" class=\"fg-thumb\"><span class=\"fg-image-wrap\"><img title=\"Les laboratoires Unimed Mobilis\u00e9es et solidaires\" width=\"250\" height=\"384\" class=\"skip-lazy fg-image\" data-src-fg=\"https:\/\/www.unimed.com.tn\/wp-content\/uploads\/cache\/2021\/06\/98331054_1739945056148595_3251164868681662464_n_1739945052815262\/2954723247.jpg\" src=\"data:image\/svg+xml,%3Csvg%20xmlns=%22http%3A%2F%2Fwww.w3.org%2F2000%2Fsvg%22%20viewBox=%220%200%20250%20384%22%3E%3C\/svg%3E\" \/><\/span><span class=\"fg-image-overlay\"><\/span><\/a><figcaption class=\"fg-caption\"><div class=\"fg-caption-inner\"><div class=\"fg-caption-title\">Les laboratoires Unimed Mobilis\u00e9es et solidaires<\/div><div class=\"fg-caption-desc\">Les laboratoires Unimed Mobilis\u00e9es et solidaires<\/div><\/div><\/figcaption><\/figure><div class=\"fg-loader\"><\/div><\/div><div class=\"fg-item fg-idle fg-type-image\"><figure class=\"fg-item-inner\"><a href=\"https:\/\/www.unimed.com.tn\/wp-content\/uploads\/2021\/06\/99108199_1739935706149530_8722801299382337536_n_1739935699482864.jpg\" data-caption-title=\"Les laboratoires Unimed Mobilis\u00e9es et solidaires\" data-caption-desc=\"Les laboratoires Unimed Mobilis\u00e9es et solidaires\" data-attachment-id=\"4735\" class=\"fg-thumb\"><span class=\"fg-image-wrap\"><img title=\"Les laboratoires Unimed Mobilis\u00e9es et solidaires\" width=\"250\" height=\"167\" class=\"skip-lazy fg-image\" data-src-fg=\"https:\/\/www.unimed.com.tn\/wp-content\/uploads\/cache\/2021\/06\/99108199_1739935706149530_8722801299382337536_n_1739935699482864\/2542896459.jpg\" src=\"data:image\/svg+xml,%3Csvg%20xmlns=%22http%3A%2F%2Fwww.w3.org%2F2000%2Fsvg%22%20viewBox=%220%200%20250%20167%22%3E%3C\/svg%3E\" \/><\/span><span class=\"fg-image-overlay\"><\/span><\/a><figcaption class=\"fg-caption\"><div class=\"fg-caption-inner\"><div class=\"fg-caption-title\">Les laboratoires Unimed Mobilis\u00e9es et solidaires<\/div><div class=\"fg-caption-desc\">Les laboratoires Unimed Mobilis\u00e9es et solidaires<\/div><\/div><\/figcaption><\/figure><div class=\"fg-loader\"><\/div><\/div><div class=\"fg-item fg-idle fg-type-image\"><figure class=\"fg-item-inner\"><a href=\"https:\/\/www.unimed.com.tn\/wp-content\/uploads\/2021\/06\/99127638_1739931369483297_1175758472784904192_n_1739931366149964.jpg\" data-caption-title=\"Les laboratoires Unimed Mobilis\u00e9es et solidaires\" data-caption-desc=\"Les laboratoires Unimed Mobilis\u00e9es et solidaires\" data-attachment-id=\"4736\" class=\"fg-thumb\"><span class=\"fg-image-wrap\"><img title=\"Les laboratoires Unimed Mobilis\u00e9es et solidaires\" width=\"250\" height=\"167\" class=\"skip-lazy fg-image\" data-src-fg=\"https:\/\/www.unimed.com.tn\/wp-content\/uploads\/cache\/2021\/06\/99127638_1739931369483297_1175758472784904192_n_1739931366149964\/678799938.jpg\" src=\"data:image\/svg+xml,%3Csvg%20xmlns=%22http%3A%2F%2Fwww.w3.org%2F2000%2Fsvg%22%20viewBox=%220%200%20250%20167%22%3E%3C\/svg%3E\" \/><\/span><span class=\"fg-image-overlay\"><\/span><\/a><figcaption class=\"fg-caption\"><div class=\"fg-caption-inner\"><div class=\"fg-caption-title\">Les laboratoires Unimed Mobilis\u00e9es et solidaires<\/div><div class=\"fg-caption-desc\">Les laboratoires Unimed Mobilis\u00e9es et solidaires<\/div><\/div><\/figcaption><\/figure><div class=\"fg-loader\"><\/div><\/div><div class=\"fg-item fg-idle fg-type-image\"><figure class=\"fg-item-inner\"><a href=\"https:\/\/www.unimed.com.tn\/wp-content\/uploads\/2021\/06\/99138463_1739936649482769_3629091191519182848_n_1739936646149436.jpg\" data-caption-title=\"Les laboratoires Unimed Mobilis\u00e9es et solidaires\" data-caption-desc=\"Les laboratoires Unimed Mobilis\u00e9es et solidaires\" data-attachment-id=\"4737\" class=\"fg-thumb\"><span class=\"fg-image-wrap\"><img title=\"Les laboratoires Unimed Mobilis\u00e9es et solidaires\" width=\"250\" height=\"167\" class=\"skip-lazy fg-image\" data-src-fg=\"https:\/\/www.unimed.com.tn\/wp-content\/uploads\/cache\/2021\/06\/99138463_1739936649482769_3629091191519182848_n_1739936646149436\/2072943840.jpg\" src=\"data:image\/svg+xml,%3Csvg%20xmlns=%22http%3A%2F%2Fwww.w3.org%2F2000%2Fsvg%22%20viewBox=%220%200%20250%20167%22%3E%3C\/svg%3E\" \/><\/span><span class=\"fg-image-overlay\"><\/span><\/a><figcaption class=\"fg-caption\"><div class=\"fg-caption-inner\"><div class=\"fg-caption-title\">Les laboratoires Unimed Mobilis\u00e9es et solidaires<\/div><div class=\"fg-caption-desc\">Les laboratoires Unimed Mobilis\u00e9es et solidaires<\/div><\/div><\/figcaption><\/figure><div class=\"fg-loader\"><\/div><\/div><div class=\"fg-item fg-idle fg-type-image\"><figure class=\"fg-item-inner\"><a href=\"https:\/\/www.unimed.com.tn\/wp-content\/uploads\/2021\/06\/99297818_1739944942815273_6342282879204065280_n_1739944936148607.jpg\" data-caption-title=\"Les laboratoires Unimed Mobilis\u00e9es et solidaires\" data-caption-desc=\"Les laboratoires Unimed Mobilis\u00e9es et solidaires\" data-attachment-id=\"4738\" class=\"fg-thumb\"><span class=\"fg-image-wrap\"><img title=\"Les laboratoires Unimed Mobilis\u00e9es et solidaires\" width=\"250\" height=\"163\" class=\"skip-lazy fg-image\" data-src-fg=\"https:\/\/www.unimed.com.tn\/wp-content\/uploads\/cache\/2021\/06\/99297818_1739944942815273_6342282879204065280_n_1739944936148607\/3480174214.jpg\" src=\"data:image\/svg+xml,%3Csvg%20xmlns=%22http%3A%2F%2Fwww.w3.org%2F2000%2Fsvg%22%20viewBox=%220%200%20250%20163%22%3E%3C\/svg%3E\" \/><\/span><span class=\"fg-image-overlay\"><\/span><\/a><figcaption class=\"fg-caption\"><div class=\"fg-caption-inner\"><div class=\"fg-caption-title\">Les laboratoires Unimed Mobilis\u00e9es et solidaires<\/div><div class=\"fg-caption-desc\">Les laboratoires Unimed Mobilis\u00e9es et solidaires<\/div><\/div><\/figcaption><\/figure><div class=\"fg-loader\"><\/div><\/div><div class=\"fg-item fg-idle fg-type-image\"><figure class=\"fg-item-inner\"><a href=\"https:\/\/www.unimed.com.tn\/wp-content\/uploads\/2021\/06\/100105747_1739931209483313_8853484857708249088_n_1739931206149980.jpg\" data-caption-title=\"Les laboratoires Unimed Mobilis\u00e9es et solidaires\" data-caption-desc=\"Les laboratoires Unimed Mobilis\u00e9es et solidaires\" data-attachment-id=\"4739\" class=\"fg-thumb\"><span class=\"fg-image-wrap\"><img title=\"Les laboratoires Unimed Mobilis\u00e9es et solidaires\" width=\"250\" height=\"163\" class=\"skip-lazy fg-image\" data-src-fg=\"https:\/\/www.unimed.com.tn\/wp-content\/uploads\/cache\/2021\/06\/100105747_1739931209483313_8853484857708249088_n_1739931206149980\/4140399783.jpg\" src=\"data:image\/svg+xml,%3Csvg%20xmlns=%22http%3A%2F%2Fwww.w3.org%2F2000%2Fsvg%22%20viewBox=%220%200%20250%20163%22%3E%3C\/svg%3E\" \/><\/span><span class=\"fg-image-overlay\"><\/span><\/a><figcaption class=\"fg-caption\"><div class=\"fg-caption-inner\"><div class=\"fg-caption-title\">Les laboratoires Unimed Mobilis\u00e9es et solidaires<\/div><div class=\"fg-caption-desc\">Les laboratoires Unimed Mobilis\u00e9es et solidaires<\/div><\/div><\/figcaption><\/figure><div class=\"fg-loader\"><\/div><\/div><div class=\"fg-item fg-idle fg-type-image\"><figure class=\"fg-item-inner\"><a href=\"https:\/\/www.unimed.com.tn\/wp-content\/uploads\/2021\/06\/100589016_1739936672816100_6224733683056640000_n_1739936669482767.jpg\" data-caption-title=\"Les laboratoires Unimed Mobilis\u00e9es et solidaires\" data-caption-desc=\"Les laboratoires Unimed Mobilis\u00e9es et solidaires\" data-attachment-id=\"4740\" class=\"fg-thumb\"><span class=\"fg-image-wrap\"><img title=\"Les laboratoires Unimed Mobilis\u00e9es et solidaires\" width=\"250\" height=\"167\" class=\"skip-lazy fg-image\" data-src-fg=\"https:\/\/www.unimed.com.tn\/wp-content\/uploads\/cache\/2021\/06\/100589016_1739936672816100_6224733683056640000_n_1739936669482767\/3783441260.jpg\" src=\"data:image\/svg+xml,%3Csvg%20xmlns=%22http%3A%2F%2Fwww.w3.org%2F2000%2Fsvg%22%20viewBox=%220%200%20250%20167%22%3E%3C\/svg%3E\" \/><\/span><span class=\"fg-image-overlay\"><\/span><\/a><figcaption class=\"fg-caption\"><div class=\"fg-caption-inner\"><div class=\"fg-caption-title\">Les laboratoires Unimed Mobilis\u00e9es et solidaires<\/div><div class=\"fg-caption-desc\">Les laboratoires Unimed Mobilis\u00e9es et solidaires<\/div><\/div><\/figcaption><\/figure><div class=\"fg-loader\"><\/div><\/div><div class=\"fg-item fg-idle fg-type-image\"><figure class=\"fg-item-inner\"><a href=\"https:\/\/www.unimed.com.tn\/wp-content\/uploads\/2021\/06\/100624285_1739931489483285_3933350608957865984_n_1739931486149952.jpg\" data-caption-title=\"Les laboratoires Unimed Mobilis\u00e9es et solidaires\" data-caption-desc=\"Les laboratoires Unimed Mobilis\u00e9es et solidaires\" data-attachment-id=\"4741\" class=\"fg-thumb\"><span class=\"fg-image-wrap\"><img title=\"Les laboratoires Unimed Mobilis\u00e9es et solidaires\" width=\"250\" height=\"167\" class=\"skip-lazy fg-image\" data-src-fg=\"https:\/\/www.unimed.com.tn\/wp-content\/uploads\/cache\/2021\/06\/100624285_1739931489483285_3933350608957865984_n_1739931486149952\/962858892.jpg\" src=\"data:image\/svg+xml,%3Csvg%20xmlns=%22http%3A%2F%2Fwww.w3.org%2F2000%2Fsvg%22%20viewBox=%220%200%20250%20167%22%3E%3C\/svg%3E\" \/><\/span><span class=\"fg-image-overlay\"><\/span><\/a><figcaption class=\"fg-caption\"><div class=\"fg-caption-inner\"><div class=\"fg-caption-title\">Les laboratoires Unimed Mobilis\u00e9es et solidaires<\/div><div class=\"fg-caption-desc\">Les laboratoires Unimed Mobilis\u00e9es et solidaires<\/div><\/div><\/figcaption><\/figure><div class=\"fg-loader\"><\/div><\/div><div class=\"fg-item fg-idle fg-type-image\"><figure class=\"fg-item-inner\"><a href=\"https:\/\/www.unimed.com.tn\/wp-content\/uploads\/2021\/06\/100701391_1739943726148728_2116687761825071104_n_1739943719482062.jpg\" data-caption-title=\"Les laboratoires Unimed Mobilis\u00e9es et solidaires\" data-caption-desc=\"Les laboratoires Unimed Mobilis\u00e9es et solidaires\" data-attachment-id=\"4742\" class=\"fg-thumb\"><span class=\"fg-image-wrap\"><img title=\"Les laboratoires Unimed Mobilis\u00e9es et solidaires\" width=\"250\" height=\"163\" class=\"skip-lazy fg-image\" data-src-fg=\"https:\/\/www.unimed.com.tn\/wp-content\/uploads\/cache\/2021\/06\/100701391_1739943726148728_2116687761825071104_n_1739943719482062\/830979538.jpg\" src=\"data:image\/svg+xml,%3Csvg%20xmlns=%22http%3A%2F%2Fwww.w3.org%2F2000%2Fsvg%22%20viewBox=%220%200%20250%20163%22%3E%3C\/svg%3E\" \/><\/span><span class=\"fg-image-overlay\"><\/span><\/a><figcaption class=\"fg-caption\"><div class=\"fg-caption-inner\"><div class=\"fg-caption-title\">Les laboratoires Unimed Mobilis\u00e9es et solidaires<\/div><div class=\"fg-caption-desc\">Les laboratoires Unimed Mobilis\u00e9es et solidaires<\/div><\/div><\/figcaption><\/figure><div class=\"fg-loader\"><\/div><\/div><\/div>\n","protected":false},"excerpt":{"rendered":"<p>Les laboratoires Unimed Mobilis\u00e9es et solidairesLes laboratoires Unimed Mobilis\u00e9es et solidairesLes laboratoires Unimed Mobilis\u00e9es et solidairesLes laboratoires Unimed Mobilis\u00e9es et solidairesLes laboratoires Unimed Mobilis\u00e9es et solidairesLes laboratoires Unimed Mobilis\u00e9es et<\/p>\n","protected":false},"author":1,"featured_media":0,"parent":5129,"menu_order":0,"comment_status":"closed","ping_status":"closed","template":"","meta":{"cybocfi_hide_featured_image":""},"_links":{"self":[{"href":"https:\/\/www.unimed.com.tn\/wp-json\/wp\/v2\/pages\/5080"}],"collection":[{"href":"https:\/\/www.unimed.com.tn\/wp-json\/wp\/v2\/pages"}],"about":[{"href":"https:\/\/www.unimed.com.tn\/wp-json\/wp\/v2\/types\/page"}],"author":[{"embeddable":true,"href":"https:\/\/www.unimed.com.tn\/wp-json\/wp\/v2\/users\/1"}],"replies":[{"embeddable":true,"href":"https:\/\/www.unimed.com.tn\/wp-json\/wp\/v2\/comments?post=5080"}],"version-history":[{"count":1,"href":"https:\/\/www.unimed.com.tn\/wp-json\/wp\/v2\/pages\/5080\/revisions"}],"predecessor-version":[{"id":5081,"href":"https:\/\/www.unimed.com.tn\/wp-json\/wp\/v2\/pages\/5080\/revisions\/5081"}],"up":[{"embeddable":true,"href":"https:\/\/www.unimed.com.tn\/wp-json\/wp\/v2\/pages\/5129"}],"wp:attachment":[{"href":"https:\/\/www.unimed.com.tn\/wp-json\/wp\/v2\/media?parent=5080"}],"curies":[{"name":"wp","href":"https:\/\/api.w.org\/{rel}","templated":true}]}}