{"id":5062,"date":"2021-06-21T11:56:35","date_gmt":"2021-06-21T10:56:35","guid":{"rendered":"http:\/\/www.unimed.com.tn\/fr\/?page_id=5062"},"modified":"2021-06-28T12:48:49","modified_gmt":"2021-06-28T11:48:49","slug":"emission-sante-plus","status":"publish","type":"page","link":"https:\/\/www.unimed.com.tn\/portfolio-galerie\/emission-sante-plus\/","title":{"rendered":"Emission sant\u00e9 plus"},"content":{"rendered":"\t\t\t<style>\n                #foogallery-gallery-4721.fg-masonry .fg-item {\n                    width: 250px;\n                    margin-right: 10px;\n                    margin-bottom: 10px;\n                }\n\t\t\t<\/style>\n\t\t\t<div class=\"foogallery foogallery-container foogallery-masonry foogallery-lightbox-foobox fg-center fg-masonry fg-dark fg-border-thin fg-shadow-small fg-loading-default fg-loaded-fade-in fg-captions-bottom fg-hover-fade fg-hover-plus fg-ready fg-fixed\" id=\"foogallery-gallery-4721\" data-foogallery=\"{&quot;item&quot;:{&quot;showCaptionTitle&quot;:true,&quot;showCaptionDescription&quot;:true},&quot;lazy&quot;:true,&quot;template&quot;:{&quot;columnWidth&quot;:250,&quot;gutter&quot;:10}}\" >\n\t\t<div class=\"fg-item fg-idle fg-type-image\"><figure class=\"fg-item-inner\"><a href=\"https:\/\/www.unimed.com.tn\/wp-content\/uploads\/2021\/06\/1.jpg\" data-caption-title=\"Jawhara Fm Emission sant\u00e9 plus Sponsoris\u00e9 par les laboratoires Unimed\" data-caption-desc=\"Jawhara Fm Emission sant\u00e9 plus Sponsoris\u00e9 par les laboratoires Unimed\" data-attachment-id=\"4722\" class=\"fg-thumb\"><span class=\"fg-image-wrap\"><img alt=\"Jawhara Fm Emission sant\u00e9 plus Sponsoris\u00e9 par les laboratoires Unimed\" title=\"Jawhara Fm Emission sant\u00e9 plus Sponsoris\u00e9 par les laboratoires Unimed\" width=\"250\" height=\"285\" class=\"skip-lazy fg-image\" data-src-fg=\"https:\/\/www.unimed.com.tn\/wp-content\/uploads\/cache\/2021\/06\/1\/1502749844.jpg\" src=\"data:image\/svg+xml,%3Csvg%20xmlns=%22http%3A%2F%2Fwww.w3.org%2F2000%2Fsvg%22%20viewBox=%220%200%20250%20285%22%3E%3C\/svg%3E\" \/><\/span><span class=\"fg-image-overlay\"><\/span><\/a><figcaption class=\"fg-caption\"><div class=\"fg-caption-inner\"><div class=\"fg-caption-title\">Jawhara Fm Emission sant\u00e9 plus Sponsoris\u00e9 par les laboratoires Unimed<\/div><div class=\"fg-caption-desc\">Jawhara Fm Emission sant\u00e9 plus Sponsoris\u00e9 par les laboratoires Unimed<\/div><\/div><\/figcaption><\/figure><div class=\"fg-loader\"><\/div><\/div><div class=\"fg-item fg-idle fg-type-image\"><figure class=\"fg-item-inner\"><a href=\"https:\/\/www.unimed.com.tn\/wp-content\/uploads\/2021\/06\/2.jpg\" data-caption-title=\"Jawhara Fm Emission sant\u00e9 plus Sponsoris\u00e9 par les laboratoires Unimed\" data-caption-desc=\"Jawhara Fm Emission sant\u00e9 plus Sponsoris\u00e9 par les laboratoires Unimed\" data-attachment-id=\"4723\" class=\"fg-thumb\"><span class=\"fg-image-wrap\"><img alt=\"Jawhara Fm Emission sant\u00e9 plus Sponsoris\u00e9 par les laboratoires Unimed\" title=\"Jawhara Fm Emission sant\u00e9 plus Sponsoris\u00e9 par les laboratoires Unimed\" width=\"250\" height=\"189\" class=\"skip-lazy fg-image\" data-src-fg=\"https:\/\/www.unimed.com.tn\/wp-content\/uploads\/cache\/2021\/06\/2\/143480544.jpg\" src=\"data:image\/svg+xml,%3Csvg%20xmlns=%22http%3A%2F%2Fwww.w3.org%2F2000%2Fsvg%22%20viewBox=%220%200%20250%20189%22%3E%3C\/svg%3E\" \/><\/span><span class=\"fg-image-overlay\"><\/span><\/a><figcaption class=\"fg-caption\"><div class=\"fg-caption-inner\"><div class=\"fg-caption-title\">Jawhara Fm Emission sant\u00e9 plus Sponsoris\u00e9 par les laboratoires Unimed<\/div><div class=\"fg-caption-desc\">Jawhara Fm Emission sant\u00e9 plus Sponsoris\u00e9 par les laboratoires Unimed<\/div><\/div><\/figcaption><\/figure><div class=\"fg-loader\"><\/div><\/div><div class=\"fg-item fg-idle fg-type-image\"><figure class=\"fg-item-inner\"><a href=\"https:\/\/www.unimed.com.tn\/wp-content\/uploads\/2021\/06\/3.jpg\" data-caption-title=\"Jawhara Fm Emission sant\u00e9 plus Sponsoris\u00e9 par les laboratoires Unimed\" data-caption-desc=\"Jawhara Fm Emission sant\u00e9 plus Sponsoris\u00e9 par les laboratoires Unimed\" data-attachment-id=\"4724\" class=\"fg-thumb\"><span class=\"fg-image-wrap\"><img alt=\"Jawhara Fm Emission sant\u00e9 plus Sponsoris\u00e9 par les laboratoires Unimed\" title=\"Jawhara Fm Emission sant\u00e9 plus Sponsoris\u00e9 par les laboratoires Unimed\" width=\"250\" height=\"190\" class=\"skip-lazy fg-image\" data-src-fg=\"https:\/\/www.unimed.com.tn\/wp-content\/uploads\/cache\/2021\/06\/3\/3074757720.jpg\" src=\"data:image\/svg+xml,%3Csvg%20xmlns=%22http%3A%2F%2Fwww.w3.org%2F2000%2Fsvg%22%20viewBox=%220%200%20250%20190%22%3E%3C\/svg%3E\" \/><\/span><span class=\"fg-image-overlay\"><\/span><\/a><figcaption class=\"fg-caption\"><div class=\"fg-caption-inner\"><div class=\"fg-caption-title\">Jawhara Fm Emission sant\u00e9 plus Sponsoris\u00e9 par les laboratoires Unimed<\/div><div class=\"fg-caption-desc\">Jawhara Fm Emission sant\u00e9 plus Sponsoris\u00e9 par les laboratoires Unimed<\/div><\/div><\/figcaption><\/figure><div class=\"fg-loader\"><\/div><\/div><div class=\"fg-item fg-idle fg-type-image\"><figure class=\"fg-item-inner\"><a href=\"https:\/\/www.unimed.com.tn\/wp-content\/uploads\/2021\/06\/4.jpg\" data-caption-title=\"Jawhara Fm Emission sant\u00e9 plus Sponsoris\u00e9 par les laboratoires Unimed\" data-caption-desc=\"Jawhara Fm Emission sant\u00e9 plus Sponsoris\u00e9 par les laboratoires Unimed\" data-attachment-id=\"4725\" class=\"fg-thumb\"><span class=\"fg-image-wrap\"><img alt=\"Jawhara Fm Emission sant\u00e9 plus Sponsoris\u00e9 par les laboratoires Unimed\" title=\"Jawhara Fm Emission sant\u00e9 plus Sponsoris\u00e9 par les laboratoires Unimed\" width=\"250\" height=\"146\" class=\"skip-lazy fg-image\" data-src-fg=\"https:\/\/www.unimed.com.tn\/wp-content\/uploads\/cache\/2021\/06\/4\/1645242582.jpg\" src=\"data:image\/svg+xml,%3Csvg%20xmlns=%22http%3A%2F%2Fwww.w3.org%2F2000%2Fsvg%22%20viewBox=%220%200%20250%20146%22%3E%3C\/svg%3E\" \/><\/span><span class=\"fg-image-overlay\"><\/span><\/a><figcaption class=\"fg-caption\"><div class=\"fg-caption-inner\"><div class=\"fg-caption-title\">Jawhara Fm Emission sant\u00e9 plus Sponsoris\u00e9 par les laboratoires Unimed<\/div><div class=\"fg-caption-desc\">Jawhara Fm Emission sant\u00e9 plus Sponsoris\u00e9 par les laboratoires Unimed<\/div><\/div><\/figcaption><\/figure><div class=\"fg-loader\"><\/div><\/div><div class=\"fg-item fg-idle fg-type-image\"><figure class=\"fg-item-inner\"><a href=\"https:\/\/www.unimed.com.tn\/wp-content\/uploads\/2021\/06\/5.jpg\" data-caption-title=\"Jawhara Fm Emission sant\u00e9 plus Sponsoris\u00e9 par les laboratoires Unimed\" data-caption-desc=\"Jawhara Fm Emission sant\u00e9 plus Sponsoris\u00e9 par les laboratoires Unimed\" data-attachment-id=\"4726\" class=\"fg-thumb\"><span class=\"fg-image-wrap\"><img alt=\"Jawhara Fm Emission sant\u00e9 plus Sponsoris\u00e9 par les laboratoires Unimed\" title=\"Jawhara Fm Emission sant\u00e9 plus Sponsoris\u00e9 par les laboratoires Unimed\" width=\"250\" height=\"226\" class=\"skip-lazy fg-image\" data-src-fg=\"https:\/\/www.unimed.com.tn\/wp-content\/uploads\/cache\/2021\/06\/5\/360444080.jpg\" src=\"data:image\/svg+xml,%3Csvg%20xmlns=%22http%3A%2F%2Fwww.w3.org%2F2000%2Fsvg%22%20viewBox=%220%200%20250%20226%22%3E%3C\/svg%3E\" \/><\/span><span class=\"fg-image-overlay\"><\/span><\/a><figcaption class=\"fg-caption\"><div class=\"fg-caption-inner\"><div class=\"fg-caption-title\">Jawhara Fm Emission sant\u00e9 plus Sponsoris\u00e9 par les laboratoires Unimed<\/div><div class=\"fg-caption-desc\">Jawhara Fm Emission sant\u00e9 plus Sponsoris\u00e9 par les laboratoires Unimed<\/div><\/div><\/figcaption><\/figure><div class=\"fg-loader\"><\/div><\/div><\/div>\n","protected":false},"excerpt":{"rendered":"<p>Jawhara Fm Emission sant\u00e9 plus Sponsoris\u00e9 par les laboratoires UnimedJawhara Fm Emission sant\u00e9 plus Sponsoris\u00e9 par les laboratoires UnimedJawhara Fm Emission sant\u00e9 plus Sponsoris\u00e9 par les laboratoires UnimedJawhara Fm Emission<\/p>\n","protected":false},"author":1,"featured_media":0,"parent":5129,"menu_order":0,"comment_status":"closed","ping_status":"closed","template":"","meta":{"cybocfi_hide_featured_image":""},"_links":{"self":[{"href":"https:\/\/www.unimed.com.tn\/wp-json\/wp\/v2\/pages\/5062"}],"collection":[{"href":"https:\/\/www.unimed.com.tn\/wp-json\/wp\/v2\/pages"}],"about":[{"href":"https:\/\/www.unimed.com.tn\/wp-json\/wp\/v2\/types\/page"}],"author":[{"embeddable":true,"href":"https:\/\/www.unimed.com.tn\/wp-json\/wp\/v2\/users\/1"}],"replies":[{"embeddable":true,"href":"https:\/\/www.unimed.com.tn\/wp-json\/wp\/v2\/comments?post=5062"}],"version-history":[{"count":1,"href":"https:\/\/www.unimed.com.tn\/wp-json\/wp\/v2\/pages\/5062\/revisions"}],"predecessor-version":[{"id":5063,"href":"https:\/\/www.unimed.com.tn\/wp-json\/wp\/v2\/pages\/5062\/revisions\/5063"}],"up":[{"embeddable":true,"href":"https:\/\/www.unimed.com.tn\/wp-json\/wp\/v2\/pages\/5129"}],"wp:attachment":[{"href":"https:\/\/www.unimed.com.tn\/wp-json\/wp\/v2\/media?parent=5062"}],"curies":[{"name":"wp","href":"https:\/\/api.w.org\/{rel}","templated":true}]}}